{"id":62,"date":"2022-12-12T16:43:00","date_gmt":"2022-12-12T13:43:00","guid":{"rendered":"https:\/\/nimsai.com\/?post_type=product&#038;p=62"},"modified":"2025-09-24T12:26:31","modified_gmt":"2025-09-24T09:26:31","slug":"nimsa","status":"publish","type":"product","link":"https:\/\/nimsai.com\/en\/product\/nimsa\/","title":{"rendered":"NIMSAI Herbal"},"content":{"rendered":"<p>We kindly ask you to carefully review the following steps to ensure that your orders placed through our e-commerce site are completed smoothly:<\/p>\n<ol>\n<li>Delivery Address Control: When completing your order, please enter your city, district, neighborhood, street and street number completely and accurately.<\/li>\n<li>Phone Number Check: The accuracy of your contact information is important. Please enter your phone number correctly and completely.<\/li>\n<li>Email Address Check: Notifications regarding your order will be sent to your email address. Please enter your email address correctly and completely.<\/li>\n<li>Order Number Notification: After your order is created, your order number will be automatically sent to the e-mail address you provided. Please also remember to check your spam\/junk mailbox.<\/li>\n<li>Shipping process: Orders placed between 08:00 and 15:00 on weekdays are delivered to Yurti\u00e7i Kargo on the same day. Orders placed outside of the specified hours or on the weekend are shipped on the next business day.<\/li>\n<li>Cargo Tracking Number Notification: After your order is delivered to Yurti\u00e7i Kargo, your cargo tracking number will be sent to the e-mail address you provided. Please also do not forget to check your spam\/junk mail box.<\/li>\n<li>Cargo Tracking: In order to avoid any disruptions, we recommend that you follow the current status of your order on Yurti\u00e7i Kargo&#039;s official website.<\/li>\n<\/ol>\n<p><strong>Important Note:<\/strong> If you need information about your order or need to report a negative situation, 24\/7<strong><a href=\"mailto:info@nimsai.com\"> info@nimsai.com<\/a><\/strong> We kindly request that you contact us by stating your order number via our e-mail address.<\/p>\n<p><strong>We wish you healthy days.<\/strong><\/p>\n<p><strong>Nimsai Herb<\/strong><\/p>","protected":false},"excerpt":{"rendered":"<p>10 Days of Use, 10 Capsules.<\/p>\n<p>%100 Para \u0130adesi Sunan Nimsai Bitki!<\/p>\n<p>Belirtilen ko\u015fullarda %100 para iadesi sunan bir bitkisel \u00fcr\u00fcn.<\/p>\n<p>Refund terms apply.<\/p>\n<p><strong><a style=\"color: green;\" href=\"https:\/\/nimsai.com\/en\/para-iade-kosullari\/\">Refund conditions \u2013 LINK<\/a><\/strong><\/p>","protected":false},"featured_media":4287,"template":"","meta":{"jetpack_publicize_message":"","jetpack_publicize_feature_enabled":true,"jetpack_social_post_already_shared":false,"jetpack_social_options":{"image_generator_settings":{"template":"highway","default_image_id":0,"font":"","enabled":false},"version":2}},"product_brand":[],"product_cat":[18],"product_tag":[21],"class_list":{"0":"post-62","1":"product","2":"type-product","3":"status-publish","4":"has-post-thumbnail","6":"product_cat-genel","7":"product_tag-nimsai","9":"first","10":"instock","11":"shipping-taxable","12":"purchasable","13":"product-type-simple"},"yoast_head":"<!-- This site is optimized with the Yoast SEO plugin v26.1.1 - https:\/\/yoast.com\/wordpress\/plugins\/seo\/ -->\n<title>NIMSAI Bitki - NIMSAI | Bitki<\/title>\n<meta name=\"description\" content=\"Hemoroid, Basur\/Fiss\u00fcr semptonlar\u0131nda etkili oldu\u011funu doktor raporu ile ispatlam\u0131\u015f D\u00dcNYADAK\u0130 ilk&amp;tek bitki\u00a0Nimsai!\" \/>\n<meta name=\"robots\" content=\"index, follow, max-snippet:-1, max-image-preview:large, max-video-preview:-1\" \/>\n<link rel=\"canonical\" href=\"https:\/\/nimsai.com\/en\/product\/nimsa\/\" \/>\n<meta property=\"og:locale\" content=\"en_GB\" \/>\n<meta property=\"og:type\" content=\"article\" \/>\n<meta property=\"og:title\" content=\"NIMSAI Bitki - NIMSAI | Bitki\" \/>\n<meta property=\"og:description\" content=\"Hemoroid, Basur\/Fiss\u00fcr semptonlar\u0131nda etkili oldu\u011funu doktor raporu ile ispatlam\u0131\u015f D\u00dcNYADAK\u0130 ilk&amp;tek bitki\u00a0Nimsai!\" \/>\n<meta property=\"og:url\" content=\"https:\/\/nimsai.com\/en\/product\/nimsa\/\" \/>\n<meta property=\"og:site_name\" content=\"NIMSAI | Bitki\" \/>\n<meta property=\"article:publisher\" content=\"https:\/\/www.facebook.com\/nimsaibitkihemoroidbasur\" \/>\n<meta property=\"article:modified_time\" content=\"2025-09-24T09:26:31+00:00\" \/>\n<meta property=\"og:image\" content=\"https:\/\/nimsai.com\/wp-content\/uploads\/2025\/05\/nimsai-tekli.jpg\" \/>\n\t<meta property=\"og:image:width\" content=\"1080\" \/>\n\t<meta property=\"og:image:height\" content=\"1080\" \/>\n\t<meta property=\"og:image:type\" content=\"image\/jpeg\" \/>\n<meta name=\"twitter:card\" content=\"summary_large_image\" \/>\n<meta name=\"twitter:label1\" content=\"Estimated reading time\" \/>\n\t<meta name=\"twitter:data1\" content=\"2 minutes\" \/>\n<script type=\"application\/ld+json\" class=\"yoast-schema-graph\">{\"@context\":\"https:\/\/schema.org\",\"@graph\":[{\"@type\":\"WebPage\",\"@id\":\"https:\/\/nimsai.com\/urun\/nimsa\/\",\"url\":\"https:\/\/nimsai.com\/urun\/nimsa\/\",\"name\":\"NIMSAI Bitki - NIMSAI | Bitki\",\"isPartOf\":{\"@id\":\"https:\/\/nimsai.com\/#website\"},\"primaryImageOfPage\":{\"@id\":\"https:\/\/nimsai.com\/urun\/nimsa\/#primaryimage\"},\"image\":{\"@id\":\"https:\/\/nimsai.com\/urun\/nimsa\/#primaryimage\"},\"thumbnailUrl\":\"https:\/\/i0.wp.com\/nimsai.com\/wp-content\/uploads\/2025\/05\/nimsai-tekli.jpg?fit=1080%2C1080&ssl=1\",\"datePublished\":\"2022-12-12T13:43:00+00:00\",\"dateModified\":\"2025-09-24T09:26:31+00:00\",\"description\":\"Hemoroid, Basur\/Fiss\u00fcr semptonlar\u0131nda etkili oldu\u011funu doktor raporu ile ispatlam\u0131\u015f D\u00dcNYADAK\u0130 ilk&tek bitki\u00a0Nimsai!\",\"breadcrumb\":{\"@id\":\"https:\/\/nimsai.com\/urun\/nimsa\/#breadcrumb\"},\"inLanguage\":\"en-GB\",\"potentialAction\":[{\"@type\":\"ReadAction\",\"target\":[\"https:\/\/nimsai.com\/urun\/nimsa\/\"]}]},{\"@type\":\"ImageObject\",\"inLanguage\":\"en-GB\",\"@id\":\"https:\/\/nimsai.com\/urun\/nimsa\/#primaryimage\",\"url\":\"https:\/\/i0.wp.com\/nimsai.com\/wp-content\/uploads\/2025\/05\/nimsai-tekli.jpg?fit=1080%2C1080&ssl=1\",\"contentUrl\":\"https:\/\/i0.wp.com\/nimsai.com\/wp-content\/uploads\/2025\/05\/nimsai-tekli.jpg?fit=1080%2C1080&ssl=1\",\"width\":1080,\"height\":1080},{\"@type\":\"BreadcrumbList\",\"@id\":\"https:\/\/nimsai.com\/urun\/nimsa\/#breadcrumb\",\"itemListElement\":[{\"@type\":\"ListItem\",\"position\":1,\"name\":\"Anasayfa\",\"item\":\"https:\/\/nimsai.com\/\"},{\"@type\":\"ListItem\",\"position\":2,\"name\":\"Ma\u011faza\",\"item\":\"https:\/\/nimsai.com\/magaza\/\"},{\"@type\":\"ListItem\",\"position\":3,\"name\":\"NIMSAI Bitki\"}]},{\"@type\":\"WebSite\",\"@id\":\"https:\/\/nimsai.com\/#website\",\"url\":\"https:\/\/nimsai.com\/\",\"name\":\"NIMSAI | Mucizevi Bitki\",\"description\":\"\",\"publisher\":{\"@id\":\"https:\/\/nimsai.com\/#organization\"},\"potentialAction\":[{\"@type\":\"SearchAction\",\"target\":{\"@type\":\"EntryPoint\",\"urlTemplate\":\"https:\/\/nimsai.com\/?s={search_term_string}\"},\"query-input\":{\"@type\":\"PropertyValueSpecification\",\"valueRequired\":true,\"valueName\":\"search_term_string\"}}],\"inLanguage\":\"en-GB\"},{\"@type\":\"Organization\",\"@id\":\"https:\/\/nimsai.com\/#organization\",\"name\":\"NIMSAI | Mucizevi Bitki\",\"url\":\"https:\/\/nimsai.com\/\",\"logo\":{\"@type\":\"ImageObject\",\"inLanguage\":\"en-GB\",\"@id\":\"https:\/\/nimsai.com\/#\/schema\/logo\/image\/\",\"url\":\"https:\/\/i0.wp.com\/nimsai.com\/wp-content\/uploads\/2022\/12\/cropped-NIMSAI_Logo-1.png?fit=213%2C81&ssl=1\",\"contentUrl\":\"https:\/\/i0.wp.com\/nimsai.com\/wp-content\/uploads\/2022\/12\/cropped-NIMSAI_Logo-1.png?fit=213%2C81&ssl=1\",\"width\":213,\"height\":81,\"caption\":\"NIMSAI | Mucizevi Bitki\"},\"image\":{\"@id\":\"https:\/\/nimsai.com\/#\/schema\/logo\/image\/\"},\"sameAs\":[\"https:\/\/www.facebook.com\/nimsaibitkihemoroidbasur\",\"https:\/\/www.tiktok.com\/@nimsaibitki\",\"https:\/\/www.instagram.com\/nimsaihemoroidbasur\/\",\"https:\/\/www.youtube.com\/@Nimsaihemoroid\"]}]}<\/script>\n<!-- \/ Yoast SEO plugin. -->","yoast_head_json":{"title":"NIMSAI Plant - NIMSAI | Plant","description":"Nimsai, the first and only plant in the WORLD that has been proven with a doctor&#039;s report to be effective in the symptoms of hemorrhoids and piles\/fissures!","robots":{"index":"index","follow":"follow","max-snippet":"max-snippet:-1","max-image-preview":"max-image-preview:large","max-video-preview":"max-video-preview:-1"},"canonical":"https:\/\/nimsai.com\/en\/product\/nimsa\/","og_locale":"en_GB","og_type":"article","og_title":"NIMSAI Bitki - NIMSAI | Bitki","og_description":"Hemoroid, Basur\/Fiss\u00fcr semptonlar\u0131nda etkili oldu\u011funu doktor raporu ile ispatlam\u0131\u015f D\u00dcNYADAK\u0130 ilk&tek bitki\u00a0Nimsai!","og_url":"https:\/\/nimsai.com\/en\/product\/nimsa\/","og_site_name":"NIMSAI | Bitki","article_publisher":"https:\/\/www.facebook.com\/nimsaibitkihemoroidbasur","article_modified_time":"2025-09-24T09:26:31+00:00","og_image":[{"width":1080,"height":1080,"url":"https:\/\/nimsai.com\/wp-content\/uploads\/2025\/05\/nimsai-tekli.jpg","type":"image\/jpeg"}],"twitter_card":"summary_large_image","twitter_misc":{"Estimated reading time":"2 minutes"},"schema":{"@context":"https:\/\/schema.org","@graph":[{"@type":"WebPage","@id":"https:\/\/nimsai.com\/urun\/nimsa\/","url":"https:\/\/nimsai.com\/urun\/nimsa\/","name":"NIMSAI Plant - NIMSAI | Plant","isPartOf":{"@id":"https:\/\/nimsai.com\/#website"},"primaryImageOfPage":{"@id":"https:\/\/nimsai.com\/urun\/nimsa\/#primaryimage"},"image":{"@id":"https:\/\/nimsai.com\/urun\/nimsa\/#primaryimage"},"thumbnailUrl":"https:\/\/i0.wp.com\/nimsai.com\/wp-content\/uploads\/2025\/05\/nimsai-tekli.jpg?fit=1080%2C1080&ssl=1","datePublished":"2022-12-12T13:43:00+00:00","dateModified":"2025-09-24T09:26:31+00:00","description":"Nimsai, the first and only plant in the WORLD that has been proven with a doctor&#039;s report to be effective in the symptoms of hemorrhoids and piles\/fissures!","breadcrumb":{"@id":"https:\/\/nimsai.com\/urun\/nimsa\/#breadcrumb"},"inLanguage":"en-GB","potentialAction":[{"@type":"ReadAction","target":["https:\/\/nimsai.com\/urun\/nimsa\/"]}]},{"@type":"ImageObject","inLanguage":"en-GB","@id":"https:\/\/nimsai.com\/urun\/nimsa\/#primaryimage","url":"https:\/\/i0.wp.com\/nimsai.com\/wp-content\/uploads\/2025\/05\/nimsai-tekli.jpg?fit=1080%2C1080&ssl=1","contentUrl":"https:\/\/i0.wp.com\/nimsai.com\/wp-content\/uploads\/2025\/05\/nimsai-tekli.jpg?fit=1080%2C1080&ssl=1","width":1080,"height":1080},{"@type":"BreadcrumbList","@id":"https:\/\/nimsai.com\/urun\/nimsa\/#breadcrumb","itemListElement":[{"@type":"ListItem","position":1,"name":"Anasayfa","item":"https:\/\/nimsai.com\/"},{"@type":"ListItem","position":2,"name":"Ma\u011faza","item":"https:\/\/nimsai.com\/magaza\/"},{"@type":"ListItem","position":3,"name":"NIMSAI Bitki"}]},{"@type":"WebSite","@id":"https:\/\/nimsai.com\/#website","url":"https:\/\/nimsai.com\/","name":"NIMSAI | Miraculous Plant","description":"","publisher":{"@id":"https:\/\/nimsai.com\/#organization"},"potentialAction":[{"@type":"SearchAction","target":{"@type":"EntryPoint","urlTemplate":"https:\/\/nimsai.com\/?s={search_term_string}"},"query-input":{"@type":"PropertyValueSpecification","valueRequired":true,"valueName":"search_term_string"}}],"inLanguage":"en-GB"},{"@type":"Organization","@id":"https:\/\/nimsai.com\/#organization","name":"NIMSAI | Miraculous Plant","url":"https:\/\/nimsai.com\/","logo":{"@type":"ImageObject","inLanguage":"en-GB","@id":"https:\/\/nimsai.com\/#\/schema\/logo\/image\/","url":"https:\/\/i0.wp.com\/nimsai.com\/wp-content\/uploads\/2022\/12\/cropped-NIMSAI_Logo-1.png?fit=213%2C81&ssl=1","contentUrl":"https:\/\/i0.wp.com\/nimsai.com\/wp-content\/uploads\/2022\/12\/cropped-NIMSAI_Logo-1.png?fit=213%2C81&ssl=1","width":213,"height":81,"caption":"NIMSAI | Mucizevi Bitki"},"image":{"@id":"https:\/\/nimsai.com\/#\/schema\/logo\/image\/"},"sameAs":["https:\/\/www.facebook.com\/nimsaibitkihemoroidbasur","https:\/\/www.tiktok.com\/@nimsaibitki","https:\/\/www.instagram.com\/nimsaihemoroidbasur\/","https:\/\/www.youtube.com\/@Nimsaihemoroid"]}]}},"jetpack_publicize_connections":[],"jetpack_likes_enabled":true,"jetpack_sharing_enabled":true,"jetpack-related-posts":[],"_links":{"self":[{"href":"https:\/\/nimsai.com\/en\/wp-json\/wp\/v2\/product\/62","targetHints":{"allow":["GET"]}}],"collection":[{"href":"https:\/\/nimsai.com\/en\/wp-json\/wp\/v2\/product"}],"about":[{"href":"https:\/\/nimsai.com\/en\/wp-json\/wp\/v2\/types\/product"}],"wp:featuredmedia":[{"embeddable":true,"href":"https:\/\/nimsai.com\/en\/wp-json\/wp\/v2\/media\/4287"}],"wp:attachment":[{"href":"https:\/\/nimsai.com\/en\/wp-json\/wp\/v2\/media?parent=62"}],"wp:term":[{"taxonomy":"product_brand","embeddable":true,"href":"https:\/\/nimsai.com\/en\/wp-json\/wp\/v2\/product_brand?post=62"},{"taxonomy":"product_cat","embeddable":true,"href":"https:\/\/nimsai.com\/en\/wp-json\/wp\/v2\/product_cat?post=62"},{"taxonomy":"product_tag","embeddable":true,"href":"https:\/\/nimsai.com\/en\/wp-json\/wp\/v2\/product_tag?post=62"}],"curies":[{"name":"wp","href":"https:\/\/api.w.org\/{rel}","templated":true}]}}