{"id":4050,"date":"2025-04-30T00:49:58","date_gmt":"2025-04-29T21:49:58","guid":{"rendered":"https:\/\/nimsai.com\/?page_id=4050"},"modified":"2025-05-22T22:59:57","modified_gmt":"2025-05-22T19:59:57","slug":"para-iade-kosullari","status":"publish","type":"page","link":"https:\/\/nimsai.com\/en\/para-iade-kosullari\/","title":{"rendered":"Refund Policy"},"content":{"rendered":"<p><strong>Nimsai Herb<\/strong><\/p>\n\n\n\n<p>Good news, Nimsai is now available!<\/p>\n\n\n\n<p><strong>Refund Conditions:<\/strong><\/p>\n\n\n\n<p>1-) Please fill out our survey via the link below:<\/p>\n\n\n\n<p><a style=\"color: green\" href=\"https:\/\/docs.google.com\/forms\/d\/e\/1FAIpQLSffQDdu1KO2d1g9J6WGE18WkWC8iqRVuciCQ2eS6WYPH4p1pg\/viewform\"><strong>Survey Link<\/strong><\/a><\/p>\n\n\n\n<p>2-) After completing the survey, your name and surname will be displayed; in accordance with the attached format (your colonoscopy report), <strong>Your Order Number and IBAN information<\/strong> Please <a href=\"mailto:info@nimsai.com\"><strong>info@nimsai.com<\/strong><\/a> Share it with our e-mail address.<\/p>\n\n\n\n<p><strong>Important Information:<\/strong>\u00a0G\u0131da takviyesi \u00fcr\u00fcnlerinde yasal olarak para iadesi m\u00fcmk\u00fcn olmamas\u0131na ra\u011fmen, firmam\u0131z \u00fcr\u00fcn\u00fcm\u00fcze g\u00fcvenini g\u00f6stermekte ve belirtilen ko\u015fullarda %100 para iade imkan\u0131 sunmaktad\u0131r.<\/p>\n\n\n\n<figure class=\"wp-block-image size-full\"><img data-recalc-dims=\"1\" fetchpriority=\"high\" decoding=\"async\" width=\"180\" height=\"320\" src=\"https:\/\/i0.wp.com\/nimsai.com\/wp-content\/uploads\/2025\/04\/kampanya-rapor.png?resize=180%2C320&#038;ssl=1\" alt=\"\" class=\"wp-image-3992\" title=\"Sample report\" srcset=\"https:\/\/i0.wp.com\/nimsai.com\/wp-content\/uploads\/2025\/04\/kampanya-rapor.png?w=180&amp;ssl=1 180w, https:\/\/i0.wp.com\/nimsai.com\/wp-content\/uploads\/2025\/04\/kampanya-rapor.png?resize=169%2C300&amp;ssl=1 169w, https:\/\/i0.wp.com\/nimsai.com\/wp-content\/uploads\/2025\/04\/kampanya-rapor.png?resize=7%2C12&amp;ssl=1 7w\" sizes=\"(max-width: 180px) 100vw, 180px\" \/><\/figure>\n\n\n\n<p>Sample Report<\/p>\n\n\n\n<p><strong>We wish you healthy days.<\/strong><\/p>\n\n\n\n<p><strong>Nimsai Herb<\/strong><\/p>","protected":false},"excerpt":{"rendered":"<p>Nimsai Plant Good News, Now There is Nimsai! Money Back Conditions: 1-) Please fill out our survey via the link below: Survey Link 2-) After completing the survey, your name [\u2026]<\/p>","protected":false},"author":1,"featured_media":0,"parent":0,"menu_order":0,"comment_status":"closed","ping_status":"closed","template":"","meta":{"footnotes":""},"class_list":["post-4050","page","type-page","status-publish","hentry"],"yoast_head":"<!-- This site is optimized with the Yoast SEO plugin v26.1.1 - https:\/\/yoast.com\/wordpress\/plugins\/seo\/ -->\n<title>Para \u0130ade Ko\u015fullar\u0131 - NIMSAI | Bitki<\/title>\n<meta name=\"description\" content=\"Hemoroid, Basur\/Fiss\u00fcr semptonlar\u0131nda etkili oldu\u011funu doktor raporu ile ispatlam\u0131\u015f D\u00dcNYADAK\u0130 ilk&amp;tek bitki\u00a0Nimsai!\" \/>\n<meta name=\"robots\" content=\"index, follow, max-snippet:-1, max-image-preview:large, max-video-preview:-1\" \/>\n<link rel=\"canonical\" href=\"https:\/\/nimsai.com\/en\/para-iade-kosullari\/\" \/>\n<meta property=\"og:locale\" content=\"en_GB\" \/>\n<meta property=\"og:type\" content=\"article\" \/>\n<meta property=\"og:title\" content=\"Para \u0130ade Ko\u015fullar\u0131 - NIMSAI | Bitki\" \/>\n<meta property=\"og:description\" content=\"Hemoroid, Basur\/Fiss\u00fcr semptonlar\u0131nda etkili oldu\u011funu doktor raporu ile ispatlam\u0131\u015f D\u00dcNYADAK\u0130 ilk&amp;tek bitki\u00a0Nimsai!\" \/>\n<meta property=\"og:url\" content=\"https:\/\/nimsai.com\/en\/para-iade-kosullari\/\" \/>\n<meta property=\"og:site_name\" content=\"NIMSAI | Bitki\" \/>\n<meta property=\"article:publisher\" content=\"https:\/\/www.facebook.com\/nimsaibitkihemoroidbasur\" \/>\n<meta property=\"article:modified_time\" content=\"2025-05-22T19:59:57+00:00\" \/>\n<meta property=\"og:image\" content=\"https:\/\/nimsai.com\/wp-content\/uploads\/2025\/04\/kampanya-rapor.png\" \/>\n<meta name=\"twitter:card\" content=\"summary_large_image\" \/>\n<meta name=\"twitter:label1\" content=\"Estimated reading time\" \/>\n\t<meta name=\"twitter:data1\" content=\"1 minute\" \/>\n<script type=\"application\/ld+json\" class=\"yoast-schema-graph\">{\"@context\":\"https:\/\/schema.org\",\"@graph\":[{\"@type\":\"WebPage\",\"@id\":\"https:\/\/nimsai.com\/para-iade-kosullari\/\",\"url\":\"https:\/\/nimsai.com\/para-iade-kosullari\/\",\"name\":\"Para \u0130ade Ko\u015fullar\u0131 - NIMSAI | Bitki\",\"isPartOf\":{\"@id\":\"https:\/\/nimsai.com\/#website\"},\"primaryImageOfPage\":{\"@id\":\"https:\/\/nimsai.com\/para-iade-kosullari\/#primaryimage\"},\"image\":{\"@id\":\"https:\/\/nimsai.com\/para-iade-kosullari\/#primaryimage\"},\"thumbnailUrl\":\"https:\/\/nimsai.com\/wp-content\/uploads\/2025\/04\/kampanya-rapor.png\",\"datePublished\":\"2025-04-29T21:49:58+00:00\",\"dateModified\":\"2025-05-22T19:59:57+00:00\",\"description\":\"Hemoroid, Basur\/Fiss\u00fcr semptonlar\u0131nda etkili oldu\u011funu doktor raporu ile ispatlam\u0131\u015f D\u00dcNYADAK\u0130 ilk&tek bitki\u00a0Nimsai!\",\"breadcrumb\":{\"@id\":\"https:\/\/nimsai.com\/para-iade-kosullari\/#breadcrumb\"},\"inLanguage\":\"en-GB\",\"potentialAction\":[{\"@type\":\"ReadAction\",\"target\":[\"https:\/\/nimsai.com\/para-iade-kosullari\/\"]}]},{\"@type\":\"ImageObject\",\"inLanguage\":\"en-GB\",\"@id\":\"https:\/\/nimsai.com\/para-iade-kosullari\/#primaryimage\",\"url\":\"https:\/\/nimsai.com\/wp-content\/uploads\/2025\/04\/kampanya-rapor.png\",\"contentUrl\":\"https:\/\/nimsai.com\/wp-content\/uploads\/2025\/04\/kampanya-rapor.png\"},{\"@type\":\"BreadcrumbList\",\"@id\":\"https:\/\/nimsai.com\/para-iade-kosullari\/#breadcrumb\",\"itemListElement\":[{\"@type\":\"ListItem\",\"position\":1,\"name\":\"Anasayfa\",\"item\":\"https:\/\/nimsai.com\/\"},{\"@type\":\"ListItem\",\"position\":2,\"name\":\"Para \u0130ade Ko\u015fullar\u0131\"}]},{\"@type\":\"WebSite\",\"@id\":\"https:\/\/nimsai.com\/#website\",\"url\":\"https:\/\/nimsai.com\/\",\"name\":\"NIMSAI | Mucizevi Bitki\",\"description\":\"\",\"publisher\":{\"@id\":\"https:\/\/nimsai.com\/#organization\"},\"potentialAction\":[{\"@type\":\"SearchAction\",\"target\":{\"@type\":\"EntryPoint\",\"urlTemplate\":\"https:\/\/nimsai.com\/?s={search_term_string}\"},\"query-input\":{\"@type\":\"PropertyValueSpecification\",\"valueRequired\":true,\"valueName\":\"search_term_string\"}}],\"inLanguage\":\"en-GB\"},{\"@type\":\"Organization\",\"@id\":\"https:\/\/nimsai.com\/#organization\",\"name\":\"NIMSAI | Mucizevi Bitki\",\"url\":\"https:\/\/nimsai.com\/\",\"logo\":{\"@type\":\"ImageObject\",\"inLanguage\":\"en-GB\",\"@id\":\"https:\/\/nimsai.com\/#\/schema\/logo\/image\/\",\"url\":\"https:\/\/i0.wp.com\/nimsai.com\/wp-content\/uploads\/2022\/12\/cropped-NIMSAI_Logo-1.png?fit=213%2C81&ssl=1\",\"contentUrl\":\"https:\/\/i0.wp.com\/nimsai.com\/wp-content\/uploads\/2022\/12\/cropped-NIMSAI_Logo-1.png?fit=213%2C81&ssl=1\",\"width\":213,\"height\":81,\"caption\":\"NIMSAI | Mucizevi Bitki\"},\"image\":{\"@id\":\"https:\/\/nimsai.com\/#\/schema\/logo\/image\/\"},\"sameAs\":[\"https:\/\/www.facebook.com\/nimsaibitkihemoroidbasur\",\"https:\/\/www.tiktok.com\/@nimsaibitki\",\"https:\/\/www.instagram.com\/nimsaihemoroidbasur\/\",\"https:\/\/www.youtube.com\/@Nimsaihemoroid\"]}]}<\/script>\n<!-- \/ Yoast SEO plugin. -->","yoast_head_json":{"title":"Refund Policy - NIMSAI | Plant","description":"Nimsai, the first and only plant in the WORLD that has been proven with a doctor&#039;s report to be effective in the symptoms of hemorrhoids and piles\/fissures!","robots":{"index":"index","follow":"follow","max-snippet":"max-snippet:-1","max-image-preview":"max-image-preview:large","max-video-preview":"max-video-preview:-1"},"canonical":"https:\/\/nimsai.com\/en\/para-iade-kosullari\/","og_locale":"en_GB","og_type":"article","og_title":"Para \u0130ade Ko\u015fullar\u0131 - NIMSAI | Bitki","og_description":"Hemoroid, Basur\/Fiss\u00fcr semptonlar\u0131nda etkili oldu\u011funu doktor raporu ile ispatlam\u0131\u015f D\u00dcNYADAK\u0130 ilk&tek bitki\u00a0Nimsai!","og_url":"https:\/\/nimsai.com\/en\/para-iade-kosullari\/","og_site_name":"NIMSAI | Bitki","article_publisher":"https:\/\/www.facebook.com\/nimsaibitkihemoroidbasur","article_modified_time":"2025-05-22T19:59:57+00:00","og_image":[{"url":"https:\/\/nimsai.com\/wp-content\/uploads\/2025\/04\/kampanya-rapor.png","type":"","width":"","height":""}],"twitter_card":"summary_large_image","twitter_misc":{"Estimated reading time":"1 minute"},"schema":{"@context":"https:\/\/schema.org","@graph":[{"@type":"WebPage","@id":"https:\/\/nimsai.com\/para-iade-kosullari\/","url":"https:\/\/nimsai.com\/para-iade-kosullari\/","name":"Refund Policy - NIMSAI | Plant","isPartOf":{"@id":"https:\/\/nimsai.com\/#website"},"primaryImageOfPage":{"@id":"https:\/\/nimsai.com\/para-iade-kosullari\/#primaryimage"},"image":{"@id":"https:\/\/nimsai.com\/para-iade-kosullari\/#primaryimage"},"thumbnailUrl":"https:\/\/nimsai.com\/wp-content\/uploads\/2025\/04\/kampanya-rapor.png","datePublished":"2025-04-29T21:49:58+00:00","dateModified":"2025-05-22T19:59:57+00:00","description":"Nimsai, the first and only plant in the WORLD that has been proven with a doctor&#039;s report to be effective in the symptoms of hemorrhoids and piles\/fissures!","breadcrumb":{"@id":"https:\/\/nimsai.com\/para-iade-kosullari\/#breadcrumb"},"inLanguage":"en-GB","potentialAction":[{"@type":"ReadAction","target":["https:\/\/nimsai.com\/para-iade-kosullari\/"]}]},{"@type":"ImageObject","inLanguage":"en-GB","@id":"https:\/\/nimsai.com\/para-iade-kosullari\/#primaryimage","url":"https:\/\/nimsai.com\/wp-content\/uploads\/2025\/04\/kampanya-rapor.png","contentUrl":"https:\/\/nimsai.com\/wp-content\/uploads\/2025\/04\/kampanya-rapor.png"},{"@type":"BreadcrumbList","@id":"https:\/\/nimsai.com\/para-iade-kosullari\/#breadcrumb","itemListElement":[{"@type":"ListItem","position":1,"name":"Anasayfa","item":"https:\/\/nimsai.com\/"},{"@type":"ListItem","position":2,"name":"Para \u0130ade Ko\u015fullar\u0131"}]},{"@type":"WebSite","@id":"https:\/\/nimsai.com\/#website","url":"https:\/\/nimsai.com\/","name":"NIMSAI | Miraculous Plant","description":"","publisher":{"@id":"https:\/\/nimsai.com\/#organization"},"potentialAction":[{"@type":"SearchAction","target":{"@type":"EntryPoint","urlTemplate":"https:\/\/nimsai.com\/?s={search_term_string}"},"query-input":{"@type":"PropertyValueSpecification","valueRequired":true,"valueName":"search_term_string"}}],"inLanguage":"en-GB"},{"@type":"Organization","@id":"https:\/\/nimsai.com\/#organization","name":"NIMSAI | Miraculous Plant","url":"https:\/\/nimsai.com\/","logo":{"@type":"ImageObject","inLanguage":"en-GB","@id":"https:\/\/nimsai.com\/#\/schema\/logo\/image\/","url":"https:\/\/i0.wp.com\/nimsai.com\/wp-content\/uploads\/2022\/12\/cropped-NIMSAI_Logo-1.png?fit=213%2C81&ssl=1","contentUrl":"https:\/\/i0.wp.com\/nimsai.com\/wp-content\/uploads\/2022\/12\/cropped-NIMSAI_Logo-1.png?fit=213%2C81&ssl=1","width":213,"height":81,"caption":"NIMSAI | Mucizevi Bitki"},"image":{"@id":"https:\/\/nimsai.com\/#\/schema\/logo\/image\/"},"sameAs":["https:\/\/www.facebook.com\/nimsaibitkihemoroidbasur","https:\/\/www.tiktok.com\/@nimsaibitki","https:\/\/www.instagram.com\/nimsaihemoroidbasur\/","https:\/\/www.youtube.com\/@Nimsaihemoroid"]}]}},"jetpack_likes_enabled":true,"jetpack_sharing_enabled":true,"jetpack-related-posts":[],"_links":{"self":[{"href":"https:\/\/nimsai.com\/en\/wp-json\/wp\/v2\/pages\/4050","targetHints":{"allow":["GET"]}}],"collection":[{"href":"https:\/\/nimsai.com\/en\/wp-json\/wp\/v2\/pages"}],"about":[{"href":"https:\/\/nimsai.com\/en\/wp-json\/wp\/v2\/types\/page"}],"author":[{"embeddable":true,"href":"https:\/\/nimsai.com\/en\/wp-json\/wp\/v2\/users\/1"}],"replies":[{"embeddable":true,"href":"https:\/\/nimsai.com\/en\/wp-json\/wp\/v2\/comments?post=4050"}],"version-history":[{"count":11,"href":"https:\/\/nimsai.com\/en\/wp-json\/wp\/v2\/pages\/4050\/revisions"}],"predecessor-version":[{"id":4328,"href":"https:\/\/nimsai.com\/en\/wp-json\/wp\/v2\/pages\/4050\/revisions\/4328"}],"wp:attachment":[{"href":"https:\/\/nimsai.com\/en\/wp-json\/wp\/v2\/media?parent=4050"}],"curies":[{"name":"wp","href":"https:\/\/api.w.org\/{rel}","templated":true}]}}