{"id":4026,"date":"2025-04-29T23:53:23","date_gmt":"2025-04-29T20:53:23","guid":{"rendered":"https:\/\/nimsai.com\/?page_id=4026"},"modified":"2025-05-22T22:52:36","modified_gmt":"2025-05-22T19:52:36","slug":"kullanim-talimati","status":"publish","type":"page","link":"https:\/\/nimsai.com\/en\/kullanim-talimati\/","title":{"rendered":"Instructions for Use"},"content":{"rendered":"<p>Our product is on the Ministry of Health&#039;s positive plant list.<br>It has FDA Certificate.<\/p>\n\n\n\n<p class=\"has-text-color has-link-color wp-elements-999fd347329ab357d61bd3ab3f672ebc\" style=\"color:#007c4f\"><strong><a href=\"https:\/\/nimsai.com\/en\/hakkimizda\/\">FDA Certificate Link<\/a><\/strong><\/p>\n\n\n\n<p><strong><br><\/strong>It is a positive plant approved as a food supplement by the Ministry of Agriculture and Forestry.<\/p>\n\n\n\n<p class=\"has-text-color has-link-color wp-elements-5038a25d3f05018966b29954c8e86b30\" style=\"color:#007c4f\"><strong><a href=\"https:\/\/nimsai.com\/en\/hakkimizda\/\">Ministry Approval Link<br><\/a><\/strong><\/p>\n\n\n\n<p><strong>Dosage and Usage:<\/strong><\/p>\n\n\n\n<p>Contains 600 mg herbal halal capsules suitable for vegetarian use.<br>Dosage and Usage:<br>The recommended dosage for a period of use of 10 days is 1 capsule per day.<br>The maximum daily dose of 600 mg should not be exceeded, 1 capsule at a time, at 24 hour intervals. There should be no breaks for 10 days.<br>It is swallowed every morning on an empty stomach, without chewing, with a large glass of water.<br>After swallowing, wait 15 minutes and then have breakfast.<\/p>\n\n\n\n<p><strong>Situations in which use is not recommended:<\/strong><\/p>\n\n\n\n<p>1-) It is not recommended for use by pregnant and breastfeeding women.<br>2-) It is not recommended for use by patients receiving chemotherapy.<br>3-) It is not recommended for use by patients who have undergone organ transplantation surgery.<br>4-) It is not recommended for use by people with high allergic symptoms.<br>5-) Not suitable for individuals aged 15 and under.<\/p>\n\n\n\n<p><strong>Things to Consider During Use:<\/strong><\/p>\n\n\n\n<p>Things to Consider During Use:<br>Foods and drinks that are recommended not to be consumed during the 10-day Nimsai use are; bitter, alcohol, yeasty drinks, legumes, etc.<\/p>\n\n\n\n<p><strong>IMPORTANT :&nbsp;<\/strong><\/p>\n\n\n\n<p>There are no known significant adverse effects or interactions in accordance with the product&#039;s content and instructions for use. As with any herbal product, individual sensitivities should be taken into account.<\/p>\n\n\n\n<p><strong>Nimsai Plant Content :&nbsp;<\/strong><\/p>\n\n\n\n<p><strong>COMPONENTS<\/strong><\/p>\n\n\n\n<p>Avg \/ Min \/ Max:<br>Energy: kcal 17 | Energy: kJ: 72 | Water: g 92.90 | Ash: g 0.83 | Protein: g 0.48 | Nitrogen: g 0.08<br>Total fat: g 0.13 | Carbohydrate: g 1.45 | Total dietary fiber: g 4.21 | Iron: Fe mg 3.24 | Phosphorus: P mg 35<br>Calcium: Ca mg 125 | Magnesium: Mg mg 22 | Potassium: K mg 328 | Sodium: Na mg 52 | Zinc: Zn mg 0.40<br>C.vitamin: mg 20.4 |L-ascorbic acid: mg 20.4 | Thiamine: mg 0.012 | Riboflavin: mg 0.033 | Niacin: mg 0.477<\/p>\n\n\n\n<p><strong>We wish you healthy days.<\/strong><\/p>\n\n\n\n<p><strong>Nimsai Herb<\/strong><\/p>","protected":false},"excerpt":{"rendered":"<p>Our product is on the positive plant list of the Ministry of Health. It has an FDA Certificate. FDA Certificate Link It is a positive plant approved as a food supplement by the Ministry of Agriculture and Forestry. [\u2026]<\/p>","protected":false},"author":1,"featured_media":0,"parent":0,"menu_order":0,"comment_status":"closed","ping_status":"closed","template":"template-fullwide.php","meta":{"footnotes":""},"class_list":["post-4026","page","type-page","status-publish","hentry"],"yoast_head":"<!-- This site is optimized with the Yoast SEO plugin v26.1.1 - https:\/\/yoast.com\/wordpress\/plugins\/seo\/ -->\n<title>Kullan\u0131m Talimat\u0131 - NIMSAI | Bitki<\/title>\n<meta name=\"description\" content=\"Hemoroid, Basur\/Fiss\u00fcr semptonlar\u0131nda etkili oldu\u011funu doktor raporu ile ispatlam\u0131\u015f D\u00dcNYADAK\u0130 ilk&amp;tek bitki\u00a0Nimsai!\" \/>\n<meta name=\"robots\" content=\"index, follow, max-snippet:-1, max-image-preview:large, max-video-preview:-1\" \/>\n<link rel=\"canonical\" href=\"https:\/\/nimsai.com\/en\/kullanim-talimati\/\" \/>\n<meta property=\"og:locale\" content=\"en_GB\" \/>\n<meta property=\"og:type\" content=\"article\" \/>\n<meta property=\"og:title\" content=\"Kullan\u0131m Talimat\u0131 - NIMSAI | Bitki\" \/>\n<meta property=\"og:description\" content=\"Hemoroid, Basur\/Fiss\u00fcr semptonlar\u0131nda etkili oldu\u011funu doktor raporu ile ispatlam\u0131\u015f D\u00dcNYADAK\u0130 ilk&amp;tek bitki\u00a0Nimsai!\" \/>\n<meta property=\"og:url\" content=\"https:\/\/nimsai.com\/en\/kullanim-talimati\/\" \/>\n<meta property=\"og:site_name\" content=\"NIMSAI | Bitki\" \/>\n<meta property=\"article:publisher\" content=\"https:\/\/www.facebook.com\/nimsaibitkihemoroidbasur\" \/>\n<meta property=\"article:modified_time\" content=\"2025-05-22T19:52:36+00:00\" \/>\n<meta name=\"twitter:card\" content=\"summary_large_image\" \/>\n<meta name=\"twitter:label1\" content=\"Estimated reading time\" \/>\n\t<meta name=\"twitter:data1\" content=\"2 minutes\" \/>\n<script type=\"application\/ld+json\" class=\"yoast-schema-graph\">{\"@context\":\"https:\/\/schema.org\",\"@graph\":[{\"@type\":\"WebPage\",\"@id\":\"https:\/\/nimsai.com\/kullanim-talimati\/\",\"url\":\"https:\/\/nimsai.com\/kullanim-talimati\/\",\"name\":\"Kullan\u0131m Talimat\u0131 - NIMSAI | Bitki\",\"isPartOf\":{\"@id\":\"https:\/\/nimsai.com\/#website\"},\"datePublished\":\"2025-04-29T20:53:23+00:00\",\"dateModified\":\"2025-05-22T19:52:36+00:00\",\"description\":\"Hemoroid, Basur\/Fiss\u00fcr semptonlar\u0131nda etkili oldu\u011funu doktor raporu ile ispatlam\u0131\u015f D\u00dcNYADAK\u0130 ilk&tek bitki\u00a0Nimsai!\",\"breadcrumb\":{\"@id\":\"https:\/\/nimsai.com\/kullanim-talimati\/#breadcrumb\"},\"inLanguage\":\"en-GB\",\"potentialAction\":[{\"@type\":\"ReadAction\",\"target\":[\"https:\/\/nimsai.com\/kullanim-talimati\/\"]}]},{\"@type\":\"BreadcrumbList\",\"@id\":\"https:\/\/nimsai.com\/kullanim-talimati\/#breadcrumb\",\"itemListElement\":[{\"@type\":\"ListItem\",\"position\":1,\"name\":\"Anasayfa\",\"item\":\"https:\/\/nimsai.com\/\"},{\"@type\":\"ListItem\",\"position\":2,\"name\":\"Kullan\u0131m Talimat\u0131\"}]},{\"@type\":\"WebSite\",\"@id\":\"https:\/\/nimsai.com\/#website\",\"url\":\"https:\/\/nimsai.com\/\",\"name\":\"NIMSAI | Mucizevi Bitki\",\"description\":\"\",\"publisher\":{\"@id\":\"https:\/\/nimsai.com\/#organization\"},\"potentialAction\":[{\"@type\":\"SearchAction\",\"target\":{\"@type\":\"EntryPoint\",\"urlTemplate\":\"https:\/\/nimsai.com\/?s={search_term_string}\"},\"query-input\":{\"@type\":\"PropertyValueSpecification\",\"valueRequired\":true,\"valueName\":\"search_term_string\"}}],\"inLanguage\":\"en-GB\"},{\"@type\":\"Organization\",\"@id\":\"https:\/\/nimsai.com\/#organization\",\"name\":\"NIMSAI | Mucizevi Bitki\",\"url\":\"https:\/\/nimsai.com\/\",\"logo\":{\"@type\":\"ImageObject\",\"inLanguage\":\"en-GB\",\"@id\":\"https:\/\/nimsai.com\/#\/schema\/logo\/image\/\",\"url\":\"https:\/\/i0.wp.com\/nimsai.com\/wp-content\/uploads\/2022\/12\/cropped-NIMSAI_Logo-1.png?fit=213%2C81&ssl=1\",\"contentUrl\":\"https:\/\/i0.wp.com\/nimsai.com\/wp-content\/uploads\/2022\/12\/cropped-NIMSAI_Logo-1.png?fit=213%2C81&ssl=1\",\"width\":213,\"height\":81,\"caption\":\"NIMSAI | Mucizevi Bitki\"},\"image\":{\"@id\":\"https:\/\/nimsai.com\/#\/schema\/logo\/image\/\"},\"sameAs\":[\"https:\/\/www.facebook.com\/nimsaibitkihemoroidbasur\",\"https:\/\/www.tiktok.com\/@nimsaibitki\",\"https:\/\/www.instagram.com\/nimsaihemoroidbasur\/\",\"https:\/\/www.youtube.com\/@Nimsaihemoroid\"]}]}<\/script>\n<!-- \/ Yoast SEO plugin. -->","yoast_head_json":{"title":"Instructions for Use - NIMSAI | Plant","description":"Nimsai, the first and only plant in the WORLD that has been proven with a doctor&#039;s report to be effective in the symptoms of hemorrhoids and piles\/fissures!","robots":{"index":"index","follow":"follow","max-snippet":"max-snippet:-1","max-image-preview":"max-image-preview:large","max-video-preview":"max-video-preview:-1"},"canonical":"https:\/\/nimsai.com\/en\/kullanim-talimati\/","og_locale":"en_GB","og_type":"article","og_title":"Kullan\u0131m Talimat\u0131 - NIMSAI | Bitki","og_description":"Hemoroid, Basur\/Fiss\u00fcr semptonlar\u0131nda etkili oldu\u011funu doktor raporu ile ispatlam\u0131\u015f D\u00dcNYADAK\u0130 ilk&tek bitki\u00a0Nimsai!","og_url":"https:\/\/nimsai.com\/en\/kullanim-talimati\/","og_site_name":"NIMSAI | Bitki","article_publisher":"https:\/\/www.facebook.com\/nimsaibitkihemoroidbasur","article_modified_time":"2025-05-22T19:52:36+00:00","twitter_card":"summary_large_image","twitter_misc":{"Estimated reading time":"2 minutes"},"schema":{"@context":"https:\/\/schema.org","@graph":[{"@type":"WebPage","@id":"https:\/\/nimsai.com\/kullanim-talimati\/","url":"https:\/\/nimsai.com\/kullanim-talimati\/","name":"Instructions for Use - NIMSAI | Plant","isPartOf":{"@id":"https:\/\/nimsai.com\/#website"},"datePublished":"2025-04-29T20:53:23+00:00","dateModified":"2025-05-22T19:52:36+00:00","description":"Nimsai, the first and only plant in the WORLD that has been proven with a doctor&#039;s report to be effective in the symptoms of hemorrhoids and piles\/fissures!","breadcrumb":{"@id":"https:\/\/nimsai.com\/kullanim-talimati\/#breadcrumb"},"inLanguage":"en-GB","potentialAction":[{"@type":"ReadAction","target":["https:\/\/nimsai.com\/kullanim-talimati\/"]}]},{"@type":"BreadcrumbList","@id":"https:\/\/nimsai.com\/kullanim-talimati\/#breadcrumb","itemListElement":[{"@type":"ListItem","position":1,"name":"Anasayfa","item":"https:\/\/nimsai.com\/"},{"@type":"ListItem","position":2,"name":"Kullan\u0131m Talimat\u0131"}]},{"@type":"WebSite","@id":"https:\/\/nimsai.com\/#website","url":"https:\/\/nimsai.com\/","name":"NIMSAI | Miraculous Plant","description":"","publisher":{"@id":"https:\/\/nimsai.com\/#organization"},"potentialAction":[{"@type":"SearchAction","target":{"@type":"EntryPoint","urlTemplate":"https:\/\/nimsai.com\/?s={search_term_string}"},"query-input":{"@type":"PropertyValueSpecification","valueRequired":true,"valueName":"search_term_string"}}],"inLanguage":"en-GB"},{"@type":"Organization","@id":"https:\/\/nimsai.com\/#organization","name":"NIMSAI | Miraculous Plant","url":"https:\/\/nimsai.com\/","logo":{"@type":"ImageObject","inLanguage":"en-GB","@id":"https:\/\/nimsai.com\/#\/schema\/logo\/image\/","url":"https:\/\/i0.wp.com\/nimsai.com\/wp-content\/uploads\/2022\/12\/cropped-NIMSAI_Logo-1.png?fit=213%2C81&ssl=1","contentUrl":"https:\/\/i0.wp.com\/nimsai.com\/wp-content\/uploads\/2022\/12\/cropped-NIMSAI_Logo-1.png?fit=213%2C81&ssl=1","width":213,"height":81,"caption":"NIMSAI | Mucizevi Bitki"},"image":{"@id":"https:\/\/nimsai.com\/#\/schema\/logo\/image\/"},"sameAs":["https:\/\/www.facebook.com\/nimsaibitkihemoroidbasur","https:\/\/www.tiktok.com\/@nimsaibitki","https:\/\/www.instagram.com\/nimsaihemoroidbasur\/","https:\/\/www.youtube.com\/@Nimsaihemoroid"]}]}},"jetpack_likes_enabled":true,"jetpack_sharing_enabled":true,"jetpack-related-posts":[],"_links":{"self":[{"href":"https:\/\/nimsai.com\/en\/wp-json\/wp\/v2\/pages\/4026","targetHints":{"allow":["GET"]}}],"collection":[{"href":"https:\/\/nimsai.com\/en\/wp-json\/wp\/v2\/pages"}],"about":[{"href":"https:\/\/nimsai.com\/en\/wp-json\/wp\/v2\/types\/page"}],"author":[{"embeddable":true,"href":"https:\/\/nimsai.com\/en\/wp-json\/wp\/v2\/users\/1"}],"replies":[{"embeddable":true,"href":"https:\/\/nimsai.com\/en\/wp-json\/wp\/v2\/comments?post=4026"}],"version-history":[{"count":10,"href":"https:\/\/nimsai.com\/en\/wp-json\/wp\/v2\/pages\/4026\/revisions"}],"predecessor-version":[{"id":4313,"href":"https:\/\/nimsai.com\/en\/wp-json\/wp\/v2\/pages\/4026\/revisions\/4313"}],"wp:attachment":[{"href":"https:\/\/nimsai.com\/en\/wp-json\/wp\/v2\/media?parent=4026"}],"curies":[{"name":"wp","href":"https:\/\/api.w.org\/{rel}","templated":true}]}}