{"id":3990,"date":"2025-04-29T23:07:04","date_gmt":"2025-04-29T20:07:04","guid":{"rendered":"https:\/\/nimsai.com\/?page_id=3990"},"modified":"2025-06-11T20:37:37","modified_gmt":"2025-06-11T17:37:37","slug":"kampanyalar","status":"publish","type":"page","link":"https:\/\/nimsai.com\/en\/kampanyalar\/","title":{"rendered":"Campaigns"},"content":{"rendered":"<div data-elementor-type=\"wp-page\" data-elementor-id=\"3990\" class=\"elementor elementor-3990\">\n\t\t\t\t\t\t<section class=\"elementor-section elementor-top-section elementor-element elementor-element-23ec3e16 elementor-section-boxed elementor-section-height-default elementor-section-height-default\" data-id=\"23ec3e16\" data-element_type=\"section\">\n\t\t\t\t\t\t<div class=\"elementor-container elementor-column-gap-default\">\n\t\t\t\t\t<div class=\"elementor-column elementor-col-33 elementor-top-column elementor-element elementor-element-1c49ef1f\" data-id=\"1c49ef1f\" data-element_type=\"column\">\n\t\t\t<div class=\"elementor-widget-wrap elementor-element-populated\">\n\t\t\t\t\t\t<div class=\"elementor-element elementor-element-7edb3a3 elementor-widget elementor-widget-image\" data-id=\"7edb3a3\" data-element_type=\"widget\" data-widget_type=\"image.default\">\n\t\t\t\t<div class=\"elementor-widget-container\">\n\t\t\t\t\t\t\t\t\t\t\t\t\t\t\t<img fetchpriority=\"high\" decoding=\"async\" width=\"640\" height=\"1138\" src=\"https:\/\/i0.wp.com\/nimsai.com\/wp-content\/uploads\/2025\/06\/kampanya1-y.jpg?fit=640%2C1138&amp;ssl=1\" class=\"attachment-medium_large size-medium_large wp-image-4351\" alt=\"\" srcset=\"https:\/\/i0.wp.com\/nimsai.com\/wp-content\/uploads\/2025\/06\/kampanya1-y.jpg?w=900&amp;ssl=1 900w, https:\/\/i0.wp.com\/nimsai.com\/wp-content\/uploads\/2025\/06\/kampanya1-y.jpg?resize=169%2C300&amp;ssl=1 169w, https:\/\/i0.wp.com\/nimsai.com\/wp-content\/uploads\/2025\/06\/kampanya1-y.jpg?resize=576%2C1024&amp;ssl=1 576w, https:\/\/i0.wp.com\/nimsai.com\/wp-content\/uploads\/2025\/06\/kampanya1-y.jpg?resize=768%2C1365&amp;ssl=1 768w, https:\/\/i0.wp.com\/nimsai.com\/wp-content\/uploads\/2025\/06\/kampanya1-y.jpg?resize=864%2C1536&amp;ssl=1 864w, https:\/\/i0.wp.com\/nimsai.com\/wp-content\/uploads\/2025\/06\/kampanya1-y.jpg?resize=7%2C12&amp;ssl=1 7w, https:\/\/i0.wp.com\/nimsai.com\/wp-content\/uploads\/2025\/06\/kampanya1-y.jpg?resize=600%2C1067&amp;ssl=1 600w\" sizes=\"(max-width: 640px) 100vw, 640px\" \/>\t\t\t\t\t\t\t\t\t\t\t\t\t\t\t<\/div>\n\t\t\t\t<\/div>\n\t\t\t\t\t<\/div>\n\t\t<\/div>\n\t\t\t\t<div class=\"elementor-column elementor-col-66 elementor-top-column elementor-element elementor-element-ea9be68\" data-id=\"ea9be68\" data-element_type=\"column\">\n\t\t\t<div class=\"elementor-widget-wrap elementor-element-populated\">\n\t\t\t\t\t\t<div class=\"elementor-element elementor-element-fe2e6d9 elementor-widget elementor-widget-text-editor\" data-id=\"fe2e6d9\" data-element_type=\"widget\" data-widget_type=\"text-editor.default\">\n\t\t\t\t<div class=\"elementor-widget-container\">\n\t\t\t\t\t\t\t\t\t\n<div class=\"wpb_text_column wpb_content_element\" style=\"text-align: left;\">\n<h1 class=\"wpb_wrapper\">Campaign 1: Report Award 1 (Timed)<\/h1>\n<\/div>\n\t\t\t\t\t\t\t\t<\/div>\n\t\t\t\t<\/div>\n\t\t\t\t<div class=\"elementor-element elementor-element-7373ed9 elementor-widget elementor-widget-text-editor\" data-id=\"7373ed9\" data-element_type=\"widget\" data-widget_type=\"text-editor.default\">\n\t\t\t\t<div class=\"elementor-widget-container\">\n\t\t\t\t\t\t\t\t\t<p>Nimsai Bitki has been subjected to a smear campaign for three years with a baseless claim. With your support, we aim to refute this baseless claim with facts.<\/p>\n<p>How to Get Nimsai Plant with Free Shipping and No Cost?<\/p>\n<ol>\n<li>ComplaintVar Review: By searching for \u201cNimsai\u201d you can detect the existence of a single complaint registered three years ago.<\/li>\n<li>Complainant&#039;s Attitude: It is seen that the relevant person concealed his true situation in his report and tried to create a misleading perception by using a subjective approach and not sharing accurate information about Nimsai Bitki.<\/li>\n<li>Report Sharing Award: Those who share the entire report of the person in question with us will be given a free Nimsai Plant, with the shipping cost covered by us.<\/li>\n<li>Comment Support: Please submit your request for the report to be shared by commenting under the relevant false claim post on the Sikayetvar platform.<\/li>\n<\/ol>\n<p><b>Important Note:<\/b> You need to send the Report of the Related Person (If You Can Obtain It) + Your name, surname, address and phone number to info@nimsai.com. Gift Nimsai Plant will be sent to the address you specified. It is sufficient to see the hospital name, day and time information, doctor&#039;s name and surname, diagnosis and findings section in full in the Report of the Related Person. You can review the existing comments on the \u015eikayetvar page to get an idea about the comment writing format.<br \/><br \/><\/p>\n<p><strong>We wish you healthy days.<\/strong><\/p>\n<p><strong>Nimsai Herb<\/strong><\/p>\n<p><strong>NOTES:<\/strong> If you would like to get more detailed information about Campaign \u2013 1, please\u00a0<a href=\"mailto:info@nimsai.com\" target=\"_blank\" rel=\"noopener\">info@nimsai.com<\/a>\u00a0Please contact us at .\u00a0<\/p>\t\t\t\t\t\t\t\t<\/div>\n\t\t\t\t<\/div>\n\t\t\t\t\t<\/div>\n\t\t<\/div>\n\t\t\t\t\t<\/div>\n\t\t<\/section>\n\t\t<div class=\"elementor-element elementor-element-fa40131 e-flex e-con-boxed e-con e-parent\" data-id=\"fa40131\" data-element_type=\"container\">\n\t\t\t\t\t<div class=\"e-con-inner\">\n\t\t\t\t<div class=\"elementor-element elementor-element-10db650 elementor-widget elementor-widget-spacer\" data-id=\"10db650\" data-element_type=\"widget\" data-widget_type=\"spacer.default\">\n\t\t\t\t<div class=\"elementor-widget-container\">\n\t\t\t\t\t\t\t<div class=\"elementor-spacer\">\n\t\t\t<div class=\"elementor-spacer-inner\"><\/div>\n\t\t<\/div>\n\t\t\t\t\t\t<\/div>\n\t\t\t\t<\/div>\n\t\t\t\t\t<\/div>\n\t\t\t\t<\/div>\n\t\t\t\t<section class=\"elementor-section elementor-top-section elementor-element elementor-element-7d24e3a elementor-section-boxed elementor-section-height-default elementor-section-height-default\" data-id=\"7d24e3a\" data-element_type=\"section\">\n\t\t\t\t\t\t<div class=\"elementor-container elementor-column-gap-default\">\n\t\t\t\t\t<div class=\"elementor-column elementor-col-66 elementor-top-column elementor-element elementor-element-753cd60\" data-id=\"753cd60\" data-element_type=\"column\">\n\t\t\t<div class=\"elementor-widget-wrap elementor-element-populated\">\n\t\t\t\t\t\t<div class=\"elementor-element elementor-element-5497c3c elementor-widget elementor-widget-text-editor\" data-id=\"5497c3c\" data-element_type=\"widget\" data-widget_type=\"text-editor.default\">\n\t\t\t\t<div class=\"elementor-widget-container\">\n\t\t\t\t\t\t\t\t\t\n<div class=\"wpb_text_column wpb_content_element\" style=\"text-align: left;\">\n<h1 class=\"wpb_wrapper\">Campaign 2: Report Award 2 (Untimed)<\/h1>\n<\/div>\n\t\t\t\t\t\t\t\t<\/div>\n\t\t\t\t<\/div>\n\t\t\t\t<div class=\"elementor-element elementor-element-37fc169 elementor-widget elementor-widget-text-editor\" data-id=\"37fc169\" data-element_type=\"widget\" data-widget_type=\"text-editor.default\">\n\t\t\t\t<div class=\"elementor-widget-container\">\n\t\t\t\t\t\t\t\t\t<p>If You Place an Order on Our E-commerce Site:<\/p>\n<p>Your order number will be sent to your registered e-mail address.<\/p>\n<p>Your order number and colonoscopy report\u00a0<a href=\"mailto:info@nimsai.com\" target=\"_blank\" rel=\"noopener\">info@nimsai.com<\/a>\u00a0If you send it to the address, the second product will be added to your cargo. Get well soon wishes.<\/p>\n<h2 style=\"text-align: left;\">Important Information:\u00a0<\/h2>\n<p>(Your name and surname must appear on your colonoscopy report.) This document is requested to verify your participation in the campaign, and your personal data will not be shared with third parties unless you have legal permission.<\/p>\t\t\t\t\t\t\t\t<\/div>\n\t\t\t\t<\/div>\n\t\t\t\t<div class=\"elementor-element elementor-element-0f9f953 elementor-widget elementor-widget-image\" data-id=\"0f9f953\" data-element_type=\"widget\" data-widget_type=\"image.default\">\n\t\t\t\t<div class=\"elementor-widget-container\">\n\t\t\t\t\t\t\t\t\t\t\t\t<figure class=\"wp-caption\">\n\t\t\t\t\t\t\t\t\t\t<img decoding=\"async\" width=\"180\" height=\"320\" src=\"https:\/\/i0.wp.com\/nimsai.com\/wp-content\/uploads\/2025\/04\/kampanya-rapor.png?fit=180%2C320&amp;ssl=1\" class=\"attachment-large size-large wp-image-3992\" alt=\"\" srcset=\"https:\/\/i0.wp.com\/nimsai.com\/wp-content\/uploads\/2025\/04\/kampanya-rapor.png?w=180&amp;ssl=1 180w, https:\/\/i0.wp.com\/nimsai.com\/wp-content\/uploads\/2025\/04\/kampanya-rapor.png?resize=169%2C300&amp;ssl=1 169w, https:\/\/i0.wp.com\/nimsai.com\/wp-content\/uploads\/2025\/04\/kampanya-rapor.png?resize=7%2C12&amp;ssl=1 7w\" sizes=\"(max-width: 180px) 100vw, 180px\" \/>\t\t\t\t\t\t\t\t\t\t\t<figcaption class=\"widget-image-caption wp-caption-text\">Sample Colonoscopy Report<\/figcaption>\n\t\t\t\t\t\t\t\t\t\t<\/figure>\n\t\t\t\t\t\t\t\t\t<\/div>\n\t\t\t\t<\/div>\n\t\t\t\t\t<\/div>\n\t\t<\/div>\n\t\t\t\t<div class=\"elementor-column elementor-col-33 elementor-top-column elementor-element elementor-element-af721c1\" data-id=\"af721c1\" data-element_type=\"column\">\n\t\t\t<div class=\"elementor-widget-wrap elementor-element-populated\">\n\t\t\t\t\t\t<div class=\"elementor-element elementor-element-0c7b115 elementor-widget elementor-widget-image\" data-id=\"0c7b115\" data-element_type=\"widget\" data-widget_type=\"image.default\">\n\t\t\t\t<div class=\"elementor-widget-container\">\n\t\t\t\t\t\t\t\t\t\t\t\t\t\t\t<img decoding=\"async\" width=\"576\" height=\"1024\" src=\"https:\/\/i0.wp.com\/nimsai.com\/wp-content\/uploads\/2025\/06\/kampanya2-y.jpg?fit=576%2C1024&amp;ssl=1\" class=\"attachment-large size-large wp-image-4352\" alt=\"\" srcset=\"https:\/\/i0.wp.com\/nimsai.com\/wp-content\/uploads\/2025\/06\/kampanya2-y.jpg?w=900&amp;ssl=1 900w, https:\/\/i0.wp.com\/nimsai.com\/wp-content\/uploads\/2025\/06\/kampanya2-y.jpg?resize=169%2C300&amp;ssl=1 169w, https:\/\/i0.wp.com\/nimsai.com\/wp-content\/uploads\/2025\/06\/kampanya2-y.jpg?resize=576%2C1024&amp;ssl=1 576w, https:\/\/i0.wp.com\/nimsai.com\/wp-content\/uploads\/2025\/06\/kampanya2-y.jpg?resize=768%2C1365&amp;ssl=1 768w, https:\/\/i0.wp.com\/nimsai.com\/wp-content\/uploads\/2025\/06\/kampanya2-y.jpg?resize=864%2C1536&amp;ssl=1 864w, https:\/\/i0.wp.com\/nimsai.com\/wp-content\/uploads\/2025\/06\/kampanya2-y.jpg?resize=7%2C12&amp;ssl=1 7w, https:\/\/i0.wp.com\/nimsai.com\/wp-content\/uploads\/2025\/06\/kampanya2-y.jpg?resize=600%2C1067&amp;ssl=1 600w\" sizes=\"(max-width: 576px) 100vw, 576px\" \/>\t\t\t\t\t\t\t\t\t\t\t\t\t\t\t<\/div>\n\t\t\t\t<\/div>\n\t\t\t\t\t<\/div>\n\t\t<\/div>\n\t\t\t\t\t<\/div>\n\t\t<\/section>\n\t\t<div class=\"elementor-element elementor-element-e74d411 e-flex e-con-boxed e-con e-parent\" data-id=\"e74d411\" data-element_type=\"container\">\n\t\t\t\t\t<div class=\"e-con-inner\">\n\t\t\t\t<div class=\"elementor-element elementor-element-6870f0d elementor-widget elementor-widget-text-editor\" data-id=\"6870f0d\" data-element_type=\"widget\" data-widget_type=\"text-editor.default\">\n\t\t\t\t<div class=\"elementor-widget-container\">\n\t\t\t\t\t\t\t\t\t<p><strong>We wish you healthy days.<\/strong><\/p>\n<p><strong>Nimsai Herb<\/strong><\/p>\t\t\t\t\t\t\t\t<\/div>\n\t\t\t\t<\/div>\n\t\t\t\t\t<\/div>\n\t\t\t\t<\/div>\n\t\t\t\t<\/div>","protected":false},"excerpt":{"rendered":"<p>Campaign 1: Report Award 1 (Timed) Nimsai Bitki has been subjected to a smear campaign for three years with a baseless claim. With your support, we will [\u2026]<\/p>","protected":false},"author":1,"featured_media":0,"parent":0,"menu_order":0,"comment_status":"closed","ping_status":"closed","template":"template-fullwide.php","meta":{"footnotes":""},"class_list":["post-3990","page","type-page","status-publish","hentry"],"yoast_head":"<!-- This site is optimized with the Yoast SEO plugin v26.1.1 - https:\/\/yoast.com\/wordpress\/plugins\/seo\/ -->\n<title>Kampanyalar - NIMSAI | Bitki<\/title>\n<meta name=\"description\" content=\"Hemoroid\/basur, \u0131rsi ve hormonlar\u0131n belirleyici oldu\u011fu; yiyecek-i\u00e7eceklerin tetikledi\u011fi ve kan\u0131n makat b\u00f6lgesindeki toplar damarlara ...\" \/>\n<meta name=\"robots\" content=\"index, follow, max-snippet:-1, max-image-preview:large, max-video-preview:-1\" \/>\n<link rel=\"canonical\" href=\"https:\/\/nimsai.com\/en\/kampanyalar\/\" \/>\n<meta property=\"og:locale\" content=\"en_GB\" \/>\n<meta property=\"og:type\" content=\"article\" \/>\n<meta property=\"og:title\" content=\"Kampanyalar - NIMSAI | Bitki\" \/>\n<meta property=\"og:description\" content=\"Hemoroid\/basur, \u0131rsi ve hormonlar\u0131n belirleyici oldu\u011fu; yiyecek-i\u00e7eceklerin tetikledi\u011fi ve kan\u0131n makat b\u00f6lgesindeki toplar damarlara ...\" \/>\n<meta property=\"og:url\" content=\"https:\/\/nimsai.com\/en\/kampanyalar\/\" \/>\n<meta property=\"og:site_name\" content=\"NIMSAI | Bitki\" \/>\n<meta property=\"article:publisher\" content=\"https:\/\/www.facebook.com\/nimsaibitkihemoroidbasur\" \/>\n<meta property=\"article:modified_time\" content=\"2025-06-11T17:37:37+00:00\" \/>\n<meta property=\"og:image\" content=\"https:\/\/nimsai.com\/wp-content\/uploads\/2025\/06\/kampanya1-y-768x1365.jpg\" \/>\n<meta name=\"twitter:card\" content=\"summary_large_image\" \/>\n<meta name=\"twitter:label1\" content=\"Estimated reading time\" \/>\n\t<meta name=\"twitter:data1\" content=\"3 minutes\" \/>\n<script type=\"application\/ld+json\" class=\"yoast-schema-graph\">{\"@context\":\"https:\/\/schema.org\",\"@graph\":[{\"@type\":\"WebPage\",\"@id\":\"https:\/\/nimsai.com\/kampanyalar\/\",\"url\":\"https:\/\/nimsai.com\/kampanyalar\/\",\"name\":\"Kampanyalar - NIMSAI | Bitki\",\"isPartOf\":{\"@id\":\"https:\/\/nimsai.com\/#website\"},\"primaryImageOfPage\":{\"@id\":\"https:\/\/nimsai.com\/kampanyalar\/#primaryimage\"},\"image\":{\"@id\":\"https:\/\/nimsai.com\/kampanyalar\/#primaryimage\"},\"thumbnailUrl\":\"https:\/\/nimsai.com\/wp-content\/uploads\/2025\/06\/kampanya1-y-768x1365.jpg\",\"datePublished\":\"2025-04-29T20:07:04+00:00\",\"dateModified\":\"2025-06-11T17:37:37+00:00\",\"description\":\"Hemoroid\/basur, \u0131rsi ve hormonlar\u0131n belirleyici oldu\u011fu; yiyecek-i\u00e7eceklerin tetikledi\u011fi ve kan\u0131n makat b\u00f6lgesindeki toplar damarlara ...\",\"breadcrumb\":{\"@id\":\"https:\/\/nimsai.com\/kampanyalar\/#breadcrumb\"},\"inLanguage\":\"en-GB\",\"potentialAction\":[{\"@type\":\"ReadAction\",\"target\":[\"https:\/\/nimsai.com\/kampanyalar\/\"]}]},{\"@type\":\"ImageObject\",\"inLanguage\":\"en-GB\",\"@id\":\"https:\/\/nimsai.com\/kampanyalar\/#primaryimage\",\"url\":\"https:\/\/nimsai.com\/wp-content\/uploads\/2025\/06\/kampanya1-y-768x1365.jpg\",\"contentUrl\":\"https:\/\/nimsai.com\/wp-content\/uploads\/2025\/06\/kampanya1-y-768x1365.jpg\"},{\"@type\":\"BreadcrumbList\",\"@id\":\"https:\/\/nimsai.com\/kampanyalar\/#breadcrumb\",\"itemListElement\":[{\"@type\":\"ListItem\",\"position\":1,\"name\":\"Anasayfa\",\"item\":\"https:\/\/nimsai.com\/\"},{\"@type\":\"ListItem\",\"position\":2,\"name\":\"Kampanyalar\"}]},{\"@type\":\"WebSite\",\"@id\":\"https:\/\/nimsai.com\/#website\",\"url\":\"https:\/\/nimsai.com\/\",\"name\":\"NIMSAI | Mucizevi Bitki\",\"description\":\"\",\"publisher\":{\"@id\":\"https:\/\/nimsai.com\/#organization\"},\"potentialAction\":[{\"@type\":\"SearchAction\",\"target\":{\"@type\":\"EntryPoint\",\"urlTemplate\":\"https:\/\/nimsai.com\/?s={search_term_string}\"},\"query-input\":{\"@type\":\"PropertyValueSpecification\",\"valueRequired\":true,\"valueName\":\"search_term_string\"}}],\"inLanguage\":\"en-GB\"},{\"@type\":\"Organization\",\"@id\":\"https:\/\/nimsai.com\/#organization\",\"name\":\"NIMSAI | Mucizevi Bitki\",\"url\":\"https:\/\/nimsai.com\/\",\"logo\":{\"@type\":\"ImageObject\",\"inLanguage\":\"en-GB\",\"@id\":\"https:\/\/nimsai.com\/#\/schema\/logo\/image\/\",\"url\":\"https:\/\/i0.wp.com\/nimsai.com\/wp-content\/uploads\/2022\/12\/cropped-NIMSAI_Logo-1.png?fit=213%2C81&ssl=1\",\"contentUrl\":\"https:\/\/i0.wp.com\/nimsai.com\/wp-content\/uploads\/2022\/12\/cropped-NIMSAI_Logo-1.png?fit=213%2C81&ssl=1\",\"width\":213,\"height\":81,\"caption\":\"NIMSAI | Mucizevi Bitki\"},\"image\":{\"@id\":\"https:\/\/nimsai.com\/#\/schema\/logo\/image\/\"},\"sameAs\":[\"https:\/\/www.facebook.com\/nimsaibitkihemoroidbasur\",\"https:\/\/www.tiktok.com\/@nimsaibitki\",\"https:\/\/www.instagram.com\/nimsaihemoroidbasur\/\",\"https:\/\/www.youtube.com\/@Nimsaihemoroid\"]}]}<\/script>\n<!-- \/ Yoast SEO plugin. -->","yoast_head_json":{"title":"Campaigns - NIMSAI | Plant","description":"Hemorrhoids\/piles are hereditary and hormonal factors, triggered by food and drink, and the blood flowing into the veins in the anus area...","robots":{"index":"index","follow":"follow","max-snippet":"max-snippet:-1","max-image-preview":"max-image-preview:large","max-video-preview":"max-video-preview:-1"},"canonical":"https:\/\/nimsai.com\/en\/kampanyalar\/","og_locale":"en_GB","og_type":"article","og_title":"Kampanyalar - NIMSAI | Bitki","og_description":"Hemoroid\/basur, \u0131rsi ve hormonlar\u0131n belirleyici oldu\u011fu; yiyecek-i\u00e7eceklerin tetikledi\u011fi ve kan\u0131n makat b\u00f6lgesindeki toplar damarlara ...","og_url":"https:\/\/nimsai.com\/en\/kampanyalar\/","og_site_name":"NIMSAI | Bitki","article_publisher":"https:\/\/www.facebook.com\/nimsaibitkihemoroidbasur","article_modified_time":"2025-06-11T17:37:37+00:00","og_image":[{"url":"https:\/\/nimsai.com\/wp-content\/uploads\/2025\/06\/kampanya1-y-768x1365.jpg","type":"","width":"","height":""}],"twitter_card":"summary_large_image","twitter_misc":{"Estimated reading time":"3 minutes"},"schema":{"@context":"https:\/\/schema.org","@graph":[{"@type":"WebPage","@id":"https:\/\/nimsai.com\/kampanyalar\/","url":"https:\/\/nimsai.com\/kampanyalar\/","name":"Campaigns - NIMSAI | Plant","isPartOf":{"@id":"https:\/\/nimsai.com\/#website"},"primaryImageOfPage":{"@id":"https:\/\/nimsai.com\/kampanyalar\/#primaryimage"},"image":{"@id":"https:\/\/nimsai.com\/kampanyalar\/#primaryimage"},"thumbnailUrl":"https:\/\/nimsai.com\/wp-content\/uploads\/2025\/06\/kampanya1-y-768x1365.jpg","datePublished":"2025-04-29T20:07:04+00:00","dateModified":"2025-06-11T17:37:37+00:00","description":"Hemorrhoids\/piles are hereditary and hormonal factors, triggered by food and drink, and the blood flowing into the veins in the anus area...","breadcrumb":{"@id":"https:\/\/nimsai.com\/kampanyalar\/#breadcrumb"},"inLanguage":"en-GB","potentialAction":[{"@type":"ReadAction","target":["https:\/\/nimsai.com\/kampanyalar\/"]}]},{"@type":"ImageObject","inLanguage":"en-GB","@id":"https:\/\/nimsai.com\/kampanyalar\/#primaryimage","url":"https:\/\/nimsai.com\/wp-content\/uploads\/2025\/06\/kampanya1-y-768x1365.jpg","contentUrl":"https:\/\/nimsai.com\/wp-content\/uploads\/2025\/06\/kampanya1-y-768x1365.jpg"},{"@type":"BreadcrumbList","@id":"https:\/\/nimsai.com\/kampanyalar\/#breadcrumb","itemListElement":[{"@type":"ListItem","position":1,"name":"Anasayfa","item":"https:\/\/nimsai.com\/"},{"@type":"ListItem","position":2,"name":"Kampanyalar"}]},{"@type":"WebSite","@id":"https:\/\/nimsai.com\/#website","url":"https:\/\/nimsai.com\/","name":"NIMSAI | Miraculous Plant","description":"","publisher":{"@id":"https:\/\/nimsai.com\/#organization"},"potentialAction":[{"@type":"SearchAction","target":{"@type":"EntryPoint","urlTemplate":"https:\/\/nimsai.com\/?s={search_term_string}"},"query-input":{"@type":"PropertyValueSpecification","valueRequired":true,"valueName":"search_term_string"}}],"inLanguage":"en-GB"},{"@type":"Organization","@id":"https:\/\/nimsai.com\/#organization","name":"NIMSAI | Miraculous Plant","url":"https:\/\/nimsai.com\/","logo":{"@type":"ImageObject","inLanguage":"en-GB","@id":"https:\/\/nimsai.com\/#\/schema\/logo\/image\/","url":"https:\/\/i0.wp.com\/nimsai.com\/wp-content\/uploads\/2022\/12\/cropped-NIMSAI_Logo-1.png?fit=213%2C81&ssl=1","contentUrl":"https:\/\/i0.wp.com\/nimsai.com\/wp-content\/uploads\/2022\/12\/cropped-NIMSAI_Logo-1.png?fit=213%2C81&ssl=1","width":213,"height":81,"caption":"NIMSAI | Mucizevi Bitki"},"image":{"@id":"https:\/\/nimsai.com\/#\/schema\/logo\/image\/"},"sameAs":["https:\/\/www.facebook.com\/nimsaibitkihemoroidbasur","https:\/\/www.tiktok.com\/@nimsaibitki","https:\/\/www.instagram.com\/nimsaihemoroidbasur\/","https:\/\/www.youtube.com\/@Nimsaihemoroid"]}]}},"jetpack_likes_enabled":true,"jetpack_sharing_enabled":true,"jetpack-related-posts":[],"_links":{"self":[{"href":"https:\/\/nimsai.com\/en\/wp-json\/wp\/v2\/pages\/3990","targetHints":{"allow":["GET"]}}],"collection":[{"href":"https:\/\/nimsai.com\/en\/wp-json\/wp\/v2\/pages"}],"about":[{"href":"https:\/\/nimsai.com\/en\/wp-json\/wp\/v2\/types\/page"}],"author":[{"embeddable":true,"href":"https:\/\/nimsai.com\/en\/wp-json\/wp\/v2\/users\/1"}],"replies":[{"embeddable":true,"href":"https:\/\/nimsai.com\/en\/wp-json\/wp\/v2\/comments?post=3990"}],"version-history":[{"count":46,"href":"https:\/\/nimsai.com\/en\/wp-json\/wp\/v2\/pages\/3990\/revisions"}],"predecessor-version":[{"id":4355,"href":"https:\/\/nimsai.com\/en\/wp-json\/wp\/v2\/pages\/3990\/revisions\/4355"}],"wp:attachment":[{"href":"https:\/\/nimsai.com\/en\/wp-json\/wp\/v2\/media?parent=3990"}],"curies":[{"name":"wp","href":"https:\/\/api.w.org\/{rel}","templated":true}]}}