{"id":389,"date":"2022-12-14T14:41:18","date_gmt":"2022-12-14T11:41:18","guid":{"rendered":"https:\/\/nimsai.com\/?page_id=389"},"modified":"2025-01-25T22:29:23","modified_gmt":"2025-01-25T19:29:23","slug":"kullanim","status":"publish","type":"page","link":"https:\/\/nimsai.com\/en\/kullanim\/","title":{"rendered":"Instructions for Use"},"content":{"rendered":"<div data-elementor-type=\"wp-page\" data-elementor-id=\"389\" class=\"elementor elementor-389\">\n\t\t\t\t\t\t<section class=\"elementor-section elementor-top-section elementor-element elementor-element-23ec3e16 elementor-section-boxed elementor-section-height-default elementor-section-height-default\" data-id=\"23ec3e16\" data-element_type=\"section\">\n\t\t\t\t\t\t<div class=\"elementor-container elementor-column-gap-default\">\n\t\t\t\t\t<div class=\"elementor-column elementor-col-50 elementor-top-column elementor-element elementor-element-1c49ef1f\" data-id=\"1c49ef1f\" data-element_type=\"column\">\n\t\t\t<div class=\"elementor-widget-wrap elementor-element-populated\">\n\t\t\t\t\t\t<div class=\"elementor-element elementor-element-7edb3a3 elementor-widget elementor-widget-image\" data-id=\"7edb3a3\" data-element_type=\"widget\" data-widget_type=\"image.default\">\n\t\t\t\t<div class=\"elementor-widget-container\">\n\t\t\t\t\t\t\t\t\t\t\t\t\t\t\t<img fetchpriority=\"high\" decoding=\"async\" width=\"555\" height=\"700\" src=\"https:\/\/i0.wp.com\/nimsai.com\/wp-content\/uploads\/2022\/12\/HakkimizdaFoto.jpg?fit=555%2C700&amp;ssl=1\" class=\"attachment-medium_large size-medium_large wp-image-438\" alt=\"\" srcset=\"https:\/\/i0.wp.com\/nimsai.com\/wp-content\/uploads\/2022\/12\/HakkimizdaFoto.jpg?w=555&amp;ssl=1 555w, https:\/\/i0.wp.com\/nimsai.com\/wp-content\/uploads\/2022\/12\/HakkimizdaFoto.jpg?resize=238%2C300&amp;ssl=1 238w\" sizes=\"(max-width: 555px) 100vw, 555px\" \/>\t\t\t\t\t\t\t\t\t\t\t\t\t\t\t<\/div>\n\t\t\t\t<\/div>\n\t\t\t\t\t<\/div>\n\t\t<\/div>\n\t\t\t\t<div class=\"elementor-column elementor-col-50 elementor-top-column elementor-element elementor-element-ea9be68\" data-id=\"ea9be68\" data-element_type=\"column\">\n\t\t\t<div class=\"elementor-widget-wrap elementor-element-populated\">\n\t\t\t\t\t\t<div class=\"elementor-element elementor-element-fe2e6d9 elementor-widget elementor-widget-text-editor\" data-id=\"fe2e6d9\" data-element_type=\"widget\" data-widget_type=\"text-editor.default\">\n\t\t\t\t<div class=\"elementor-widget-container\">\n\t\t\t\t\t\t\t\t\t\n<div class=\"wpb_text_column wpb_content_element\">\n<h1 class=\"wpb_wrapper\">NIMSAI!<\/h1>\n<\/div>\n\t\t\t\t\t\t\t\t<\/div>\n\t\t\t\t<\/div>\n\t\t\t\t<div class=\"elementor-element elementor-element-7373ed9 elementor-widget elementor-widget-text-editor\" data-id=\"7373ed9\" data-element_type=\"widget\" data-widget_type=\"text-editor.default\">\n\t\t\t\t<div class=\"elementor-widget-container\">\n\t\t\t\t\t\t\t\t\t<p>Approved as a dietary supplement by the Ministry of Agriculture. <strong>.<\/strong>\u00a0.<br \/>600 mg Herbal Halal capsule suitable for vegetarians.<br \/>10-day course.<br \/>Maximum daily dosage: 600 mg, taken once every 24 hours for 10 consecutive days without skipping.<\/p>\n<p>\u2022 It is swallowed every morning on an empty stomach, without chewing, with a large glass of water. <br \/>\u2022 Wait 15 minutes after swallowing and then have breakfast.<br \/>\u2022 Not recommended for Pregnant-Breastfeeding Women!<br \/>\u2022 Not recommended for patients undergoing chemotherapy treatment!<br \/>\u2022 Not recommended for people with high allergic symptoms!<br \/>\u2022 Suitable for use for ages 15 and over.<br \/>\u2022 During 10 days of Nimsai use, you should not consume foods and beverages that aggravate your hemorrhoids ( Hot, Alcohol, Yeast drinks, Spices, Pickles, Sour, Snacks and Sweets)<\/p>\n<p><strong>Positive Aspects<\/strong><br \/>\u2022 Ministry of Agriculture Approval<br \/>\u2022 Ease of Use<br \/>\u2022 High satisfaction of hemorrhoids patients<\/p>\n<p>\u00a0<\/p>\t\t\t\t\t\t\t\t<\/div>\n\t\t\t\t<\/div>\n\t\t\t\t\t<\/div>\n\t\t<\/div>\n\t\t\t\t\t<\/div>\n\t\t<\/section>\n\t\t\t\t<section class=\"elementor-section elementor-top-section elementor-element elementor-element-551963a elementor-section-boxed elementor-section-height-default elementor-section-height-default\" data-id=\"551963a\" data-element_type=\"section\">\n\t\t\t\t\t\t<div class=\"elementor-container elementor-column-gap-default\">\n\t\t\t\t\t<div class=\"elementor-column elementor-col-100 elementor-top-column elementor-element elementor-element-9f75f85\" data-id=\"9f75f85\" data-element_type=\"column\">\n\t\t\t<div class=\"elementor-widget-wrap elementor-element-populated\">\n\t\t\t\t\t\t<div class=\"elementor-element elementor-element-899447d elementor-widget elementor-widget-text-editor\" data-id=\"899447d\" data-element_type=\"widget\" data-widget_type=\"text-editor.default\">\n\t\t\t\t<div class=\"elementor-widget-container\">\n\t\t\t\t\t\t\t\t\t<p><strong>Negative Aspects<\/strong><\/p>\n<p>\u2022 In combination with medicines for diabetics, it may cause diarrhoea for 3 days.<br \/>\u2022 Since it is completely natural and positive plant, there is no negative aspect.<br \/>Special Campaign for Patients with Colonoscopy Records: Please contact us at info@nimsai.com<\/p>\t\t\t\t\t\t\t\t<\/div>\n\t\t\t\t<\/div>\n\t\t\t\t\t<\/div>\n\t\t<\/div>\n\t\t\t\t\t<\/div>\n\t\t<\/section>\n\t\t\t\t<\/div>","protected":false},"excerpt":{"rendered":"<p>NIMSAI! Ministry of Agriculture Food Supplement APPROVED is a positive plant. 600 mg Vegetarian-friendly herbal Halal capsule. 10-Day Use. 1 capsule at a time at 24-hour intervals [\u2026]<\/p>","protected":false},"author":1,"featured_media":0,"parent":0,"menu_order":0,"comment_status":"closed","ping_status":"closed","template":"template-fullwide.php","meta":{"footnotes":""},"class_list":["post-389","page","type-page","status-publish","hentry"],"yoast_head":"<!-- This site is optimized with the Yoast SEO plugin v26.1.1 - https:\/\/yoast.com\/wordpress\/plugins\/seo\/ -->\n<title>Kullanma Talimat\u0131 - NIMSAI | Bitki<\/title>\n<meta name=\"description\" content=\"Hemoroid, Basur\/Fiss\u00fcr semptonlar\u0131nda etkili oldu\u011funu doktor raporu ile ispatlam\u0131\u015f D\u00dcNYADAK\u0130 ilk&amp;tek bitki\u00a0Nimsai!\" \/>\n<meta name=\"robots\" content=\"index, follow, max-snippet:-1, max-image-preview:large, max-video-preview:-1\" \/>\n<link rel=\"canonical\" href=\"https:\/\/nimsai.com\/en\/kullanim\/\" \/>\n<meta property=\"og:locale\" content=\"en_GB\" \/>\n<meta property=\"og:type\" content=\"article\" \/>\n<meta property=\"og:title\" content=\"Kullanma Talimat\u0131 - NIMSAI | Bitki\" \/>\n<meta property=\"og:description\" content=\"Hemoroid, Basur\/Fiss\u00fcr semptonlar\u0131nda etkili oldu\u011funu doktor raporu ile ispatlam\u0131\u015f D\u00dcNYADAK\u0130 ilk&amp;tek bitki\u00a0Nimsai!\" \/>\n<meta property=\"og:url\" content=\"https:\/\/nimsai.com\/en\/kullanim\/\" \/>\n<meta property=\"og:site_name\" content=\"NIMSAI | Bitki\" \/>\n<meta property=\"article:publisher\" content=\"https:\/\/www.facebook.com\/nimsaibitkihemoroidbasur\" \/>\n<meta property=\"article:modified_time\" content=\"2025-01-25T19:29:23+00:00\" \/>\n<meta property=\"og:image\" content=\"https:\/\/nimsai.com\/wp-content\/uploads\/2022\/12\/HakkimizdaFoto.jpg\" \/>\n<meta name=\"twitter:card\" content=\"summary_large_image\" \/>\n<meta name=\"twitter:label1\" content=\"Estimated reading time\" \/>\n\t<meta name=\"twitter:data1\" content=\"2 minutes\" \/>\n<script type=\"application\/ld+json\" class=\"yoast-schema-graph\">{\"@context\":\"https:\/\/schema.org\",\"@graph\":[{\"@type\":\"WebPage\",\"@id\":\"https:\/\/nimsai.com\/kullanim\/\",\"url\":\"https:\/\/nimsai.com\/kullanim\/\",\"name\":\"Kullanma Talimat\u0131 - NIMSAI | Bitki\",\"isPartOf\":{\"@id\":\"https:\/\/nimsai.com\/#website\"},\"primaryImageOfPage\":{\"@id\":\"https:\/\/nimsai.com\/kullanim\/#primaryimage\"},\"image\":{\"@id\":\"https:\/\/nimsai.com\/kullanim\/#primaryimage\"},\"thumbnailUrl\":\"https:\/\/nimsai.com\/wp-content\/uploads\/2022\/12\/HakkimizdaFoto.jpg\",\"datePublished\":\"2022-12-14T11:41:18+00:00\",\"dateModified\":\"2025-01-25T19:29:23+00:00\",\"description\":\"Hemoroid, Basur\/Fiss\u00fcr semptonlar\u0131nda etkili oldu\u011funu doktor raporu ile ispatlam\u0131\u015f D\u00dcNYADAK\u0130 ilk&tek bitki\u00a0Nimsai!\",\"breadcrumb\":{\"@id\":\"https:\/\/nimsai.com\/kullanim\/#breadcrumb\"},\"inLanguage\":\"en-GB\",\"potentialAction\":[{\"@type\":\"ReadAction\",\"target\":[\"https:\/\/nimsai.com\/kullanim\/\"]}]},{\"@type\":\"ImageObject\",\"inLanguage\":\"en-GB\",\"@id\":\"https:\/\/nimsai.com\/kullanim\/#primaryimage\",\"url\":\"https:\/\/nimsai.com\/wp-content\/uploads\/2022\/12\/HakkimizdaFoto.jpg\",\"contentUrl\":\"https:\/\/nimsai.com\/wp-content\/uploads\/2022\/12\/HakkimizdaFoto.jpg\"},{\"@type\":\"BreadcrumbList\",\"@id\":\"https:\/\/nimsai.com\/kullanim\/#breadcrumb\",\"itemListElement\":[{\"@type\":\"ListItem\",\"position\":1,\"name\":\"Anasayfa\",\"item\":\"https:\/\/nimsai.com\/\"},{\"@type\":\"ListItem\",\"position\":2,\"name\":\"Kullanma Talimat\u0131\"}]},{\"@type\":\"WebSite\",\"@id\":\"https:\/\/nimsai.com\/#website\",\"url\":\"https:\/\/nimsai.com\/\",\"name\":\"NIMSAI | Mucizevi Bitki\",\"description\":\"\",\"publisher\":{\"@id\":\"https:\/\/nimsai.com\/#organization\"},\"potentialAction\":[{\"@type\":\"SearchAction\",\"target\":{\"@type\":\"EntryPoint\",\"urlTemplate\":\"https:\/\/nimsai.com\/?s={search_term_string}\"},\"query-input\":{\"@type\":\"PropertyValueSpecification\",\"valueRequired\":true,\"valueName\":\"search_term_string\"}}],\"inLanguage\":\"en-GB\"},{\"@type\":\"Organization\",\"@id\":\"https:\/\/nimsai.com\/#organization\",\"name\":\"NIMSAI | Mucizevi Bitki\",\"url\":\"https:\/\/nimsai.com\/\",\"logo\":{\"@type\":\"ImageObject\",\"inLanguage\":\"en-GB\",\"@id\":\"https:\/\/nimsai.com\/#\/schema\/logo\/image\/\",\"url\":\"https:\/\/i0.wp.com\/nimsai.com\/wp-content\/uploads\/2022\/12\/cropped-NIMSAI_Logo-1.png?fit=213%2C81&ssl=1\",\"contentUrl\":\"https:\/\/i0.wp.com\/nimsai.com\/wp-content\/uploads\/2022\/12\/cropped-NIMSAI_Logo-1.png?fit=213%2C81&ssl=1\",\"width\":213,\"height\":81,\"caption\":\"NIMSAI | Mucizevi Bitki\"},\"image\":{\"@id\":\"https:\/\/nimsai.com\/#\/schema\/logo\/image\/\"},\"sameAs\":[\"https:\/\/www.facebook.com\/nimsaibitkihemoroidbasur\",\"https:\/\/www.tiktok.com\/@nimsaibitki\",\"https:\/\/www.instagram.com\/nimsaihemoroidbasur\/\",\"https:\/\/www.youtube.com\/@Nimsaihemoroid\"]}]}<\/script>\n<!-- \/ Yoast SEO plugin. -->","yoast_head_json":{"title":"Instructions for Use - NIMSAI | Plant","description":"Nimsai, the first and only plant in the WORLD that has been proven with a doctor&#039;s report to be effective in the symptoms of hemorrhoids and piles\/fissures!","robots":{"index":"index","follow":"follow","max-snippet":"max-snippet:-1","max-image-preview":"max-image-preview:large","max-video-preview":"max-video-preview:-1"},"canonical":"https:\/\/nimsai.com\/en\/kullanim\/","og_locale":"en_GB","og_type":"article","og_title":"Kullanma Talimat\u0131 - NIMSAI | Bitki","og_description":"Hemoroid, Basur\/Fiss\u00fcr semptonlar\u0131nda etkili oldu\u011funu doktor raporu ile ispatlam\u0131\u015f D\u00dcNYADAK\u0130 ilk&tek bitki\u00a0Nimsai!","og_url":"https:\/\/nimsai.com\/en\/kullanim\/","og_site_name":"NIMSAI | Bitki","article_publisher":"https:\/\/www.facebook.com\/nimsaibitkihemoroidbasur","article_modified_time":"2025-01-25T19:29:23+00:00","og_image":[{"url":"https:\/\/nimsai.com\/wp-content\/uploads\/2022\/12\/HakkimizdaFoto.jpg","type":"","width":"","height":""}],"twitter_card":"summary_large_image","twitter_misc":{"Estimated reading time":"2 minutes"},"schema":{"@context":"https:\/\/schema.org","@graph":[{"@type":"WebPage","@id":"https:\/\/nimsai.com\/kullanim\/","url":"https:\/\/nimsai.com\/kullanim\/","name":"Instructions for Use - NIMSAI | Plant","isPartOf":{"@id":"https:\/\/nimsai.com\/#website"},"primaryImageOfPage":{"@id":"https:\/\/nimsai.com\/kullanim\/#primaryimage"},"image":{"@id":"https:\/\/nimsai.com\/kullanim\/#primaryimage"},"thumbnailUrl":"https:\/\/nimsai.com\/wp-content\/uploads\/2022\/12\/HakkimizdaFoto.jpg","datePublished":"2022-12-14T11:41:18+00:00","dateModified":"2025-01-25T19:29:23+00:00","description":"Nimsai, the first and only plant in the WORLD that has been proven with a doctor&#039;s report to be effective in the symptoms of hemorrhoids and piles\/fissures!","breadcrumb":{"@id":"https:\/\/nimsai.com\/kullanim\/#breadcrumb"},"inLanguage":"en-GB","potentialAction":[{"@type":"ReadAction","target":["https:\/\/nimsai.com\/kullanim\/"]}]},{"@type":"ImageObject","inLanguage":"en-GB","@id":"https:\/\/nimsai.com\/kullanim\/#primaryimage","url":"https:\/\/nimsai.com\/wp-content\/uploads\/2022\/12\/HakkimizdaFoto.jpg","contentUrl":"https:\/\/nimsai.com\/wp-content\/uploads\/2022\/12\/HakkimizdaFoto.jpg"},{"@type":"BreadcrumbList","@id":"https:\/\/nimsai.com\/kullanim\/#breadcrumb","itemListElement":[{"@type":"ListItem","position":1,"name":"Anasayfa","item":"https:\/\/nimsai.com\/"},{"@type":"ListItem","position":2,"name":"Kullanma Talimat\u0131"}]},{"@type":"WebSite","@id":"https:\/\/nimsai.com\/#website","url":"https:\/\/nimsai.com\/","name":"NIMSAI | Miraculous Plant","description":"","publisher":{"@id":"https:\/\/nimsai.com\/#organization"},"potentialAction":[{"@type":"SearchAction","target":{"@type":"EntryPoint","urlTemplate":"https:\/\/nimsai.com\/?s={search_term_string}"},"query-input":{"@type":"PropertyValueSpecification","valueRequired":true,"valueName":"search_term_string"}}],"inLanguage":"en-GB"},{"@type":"Organization","@id":"https:\/\/nimsai.com\/#organization","name":"NIMSAI | Miraculous Plant","url":"https:\/\/nimsai.com\/","logo":{"@type":"ImageObject","inLanguage":"en-GB","@id":"https:\/\/nimsai.com\/#\/schema\/logo\/image\/","url":"https:\/\/i0.wp.com\/nimsai.com\/wp-content\/uploads\/2022\/12\/cropped-NIMSAI_Logo-1.png?fit=213%2C81&ssl=1","contentUrl":"https:\/\/i0.wp.com\/nimsai.com\/wp-content\/uploads\/2022\/12\/cropped-NIMSAI_Logo-1.png?fit=213%2C81&ssl=1","width":213,"height":81,"caption":"NIMSAI | Mucizevi Bitki"},"image":{"@id":"https:\/\/nimsai.com\/#\/schema\/logo\/image\/"},"sameAs":["https:\/\/www.facebook.com\/nimsaibitkihemoroidbasur","https:\/\/www.tiktok.com\/@nimsaibitki","https:\/\/www.instagram.com\/nimsaihemoroidbasur\/","https:\/\/www.youtube.com\/@Nimsaihemoroid"]}]}},"jetpack_likes_enabled":true,"jetpack_sharing_enabled":true,"jetpack-related-posts":[],"_links":{"self":[{"href":"https:\/\/nimsai.com\/en\/wp-json\/wp\/v2\/pages\/389","targetHints":{"allow":["GET"]}}],"collection":[{"href":"https:\/\/nimsai.com\/en\/wp-json\/wp\/v2\/pages"}],"about":[{"href":"https:\/\/nimsai.com\/en\/wp-json\/wp\/v2\/types\/page"}],"author":[{"embeddable":true,"href":"https:\/\/nimsai.com\/en\/wp-json\/wp\/v2\/users\/1"}],"replies":[{"embeddable":true,"href":"https:\/\/nimsai.com\/en\/wp-json\/wp\/v2\/comments?post=389"}],"version-history":[{"count":49,"href":"https:\/\/nimsai.com\/en\/wp-json\/wp\/v2\/pages\/389\/revisions"}],"predecessor-version":[{"id":3679,"href":"https:\/\/nimsai.com\/en\/wp-json\/wp\/v2\/pages\/389\/revisions\/3679"}],"wp:attachment":[{"href":"https:\/\/nimsai.com\/en\/wp-json\/wp\/v2\/media?parent=389"}],"curies":[{"name":"wp","href":"https:\/\/api.w.org\/{rel}","templated":true}]}}