{"id":3,"date":"2022-11-08T15:04:12","date_gmt":"2022-11-08T12:04:12","guid":{"rendered":"https:\/\/nimsai.com\/?page_id=3"},"modified":"2022-12-15T17:52:31","modified_gmt":"2022-12-15T14:52:31","slug":"gizlilik-kullanim-sartlari","status":"publish","type":"page","link":"https:\/\/nimsai.com\/en\/gizlilik-kullanim-sartlari\/","title":{"rendered":"Privacy and Terms of Use"},"content":{"rendered":"<div data-elementor-type=\"wp-page\" data-elementor-id=\"3\" class=\"elementor elementor-3\">\n\t\t\t\t\t\t<section class=\"elementor-section elementor-top-section elementor-element elementor-element-68f9b9e3 elementor-section-boxed elementor-section-height-default elementor-section-height-default\" data-id=\"68f9b9e3\" data-element_type=\"section\">\n\t\t\t\t\t\t<div class=\"elementor-container elementor-column-gap-default\">\n\t\t\t\t\t<div class=\"elementor-column elementor-col-100 elementor-top-column elementor-element elementor-element-ad17986\" data-id=\"ad17986\" data-element_type=\"column\">\n\t\t\t<div class=\"elementor-widget-wrap elementor-element-populated\">\n\t\t\t\t\t\t<div class=\"elementor-element elementor-element-213a4bc9 elementor-widget elementor-widget-text-editor\" data-id=\"213a4bc9\" data-element_type=\"widget\" data-widget_type=\"text-editor.default\">\n\t\t\t\t<div class=\"elementor-widget-container\">\n\t\t\t\t\t\t\t\t\t\n<p>All the information you enter to become a member of our site will not be shared by our company with any third party company or persons. Only you can access and change all the information you provide when becoming a member. If you keep your member login information secure, it is not possible for others to access or change information about you.<\/p>\n<p><strong>CREDIT CARD SECURITY<\/strong><\/p>\n<p>\u00a0 \u00a0 \u00a0 \u00a0 Our company prioritizes the security of credit card holders who shop from our shopping sites. Your credit card information is not stored in any way our system.<\/p>\n<p>\u00a0\u00a0 \u00a0\u00a0\u00a0 \u00a0When you enter the transaction process, there are two things you need to pay attention to in order to understand that you are on a secure site. One of these is a key or lock icon in your browser&#039;s address bar. This shows that you are on a secure website and all your information is encrypted and protected. This information is used only depending on the sales transaction process and in accordance with the instructions you give. Information about the credit card used during shopping is collected independently of our shopping sites. <strong>256-bit SSL (Secure Sockets Layer)<\/strong> It is encrypted with the protocol and sent to the relevant bank for questioning. If the card availability is approved can be sustained for shopping. Since no information about the card can be viewed or recorded by us, third parties are prevented from obtaining this information under any circumstances.<\/p>\n<p>\u00a0\u00a0 \u00a0\u00a0\u00a0 \u00a0The reliability of payment\/invoice\/delivery address information of orders placed online by credit card is audited by our company against Credit Card Fraud. Therefore, customers who order from our shopping sites for the first time must first confirm the accuracy of their financial and address\/phone information in order for their orders to reach the supply and delivery stage. If necessary, the credit card holder customer or the relevant bank is contacted to check this information.<\/p>\n<p>\u00a0\u00a0 \u00a0\u00a0\u00a0 \u00a0Internet shopping sites that have an information line or customer service and where full address and telephone information are stated are more preferred today. In this way, you can get detailed information about all the issues that come to your mind and get better information about the reliability of the company that provides online shopping service.<\/p>\n<p>\u00a0\u00a0 \u00a0\u00a0\u00a0 \u00a0Note: We recommend that you pay attention to the company&#039;s full address and phone number on internet shopping sites. If you are going to shop, take note of all the telephone \/ address information of the store where you purchased the product before making your purchase. Confirm by phone before shopping if you do not trust. All information about us and the sketch indicating the location of the company are clearly stated on all our company&#039;s online shopping sites.<\/p>\n<p><strong>Terms and Conditions<\/strong><\/p>\n<p>\u00a0 \u00a0 \u00a0 \u00a0 Our customers who use and shop on this shopping site are assumed to have accepted the following terms:<\/p>\n<p>\u00a0\u00a0 \u00a0\u00a0\u00a0 \u00a0The web pages on our site and all pages linked to it (\u201c<strong>minsai.com KE\u00c7\u0130 Outdoor Tekstil San ve Tic A.\u015e.<\/strong> It is owned and operated by the company. While you (&#039;User&#039;) use all services offered on the site, you are subject to the following conditions, by benefiting from and continuing to use the service on the site; You are deemed to have the right, authority and legal capacity to sign a contract in accordance with the laws you are bound by, and that you are over 18 years of age, that you have read and understood this contract and that you are bound by the terms written in the contract.<\/p>\n<p>\u00a0\u00a0 \u00a0\u00a0\u00a0 \u00a0This contract imposes rights and obligations on the parties regarding the site subject to the contract, and when the parties accept this contract, they declare that they will fulfill the mentioned rights and obligations completely, accurately, on time, and within the conditions requested in this contract.<\/p>\n<ol>\n<li>\u00a0<strong> Responsibilities<\/strong><\/li>\n<\/ol>\n<p>\u00a0 \u00a0 \u00a0 \u00a0 The company always reserves the right to make changes to prices and the products and services offered.<br \/>\u00a0\u00a0 \u00a0\u00a0\u00a0 \u00a0The company accepts and undertakes that the member will benefit from the services subject to the contract, excluding technical malfunctions.<br \/>\u00a0\u00a0 \u00a0\u00a0\u00a0 \u00a0The user accepts in advance that he will not reverse engineer the use of the site or take any other action to find or obtain the source code of the site, otherwise he will be responsible for any damages that may occur to third parties and legal and criminal proceedings will be taken against him.<br \/>\u00a0\u00a0 \u00a0\u00a0\u00a0 \u00a0The User shall not produce content that is contrary to general morality and good manners, unlawful, harms the rights of third parties, misleading, offensive, obscene, pornographic, harms personal rights, violates copyrights, or encourages illegal activities in its activities within the site, in any part of the site or in its communications. , agrees that he will not share. Otherwise, he\/she is entirely responsible for the damage that may occur, and in this case, the &#039;Site&#039; authorities may suspend or terminate such accounts and reserve the right to initiate legal proceedings. For this reason, it reserves the right to share information regarding activities or user accounts if requested by judicial authorities.<br \/>\u00a0\u00a0 \u00a0\u00a0\u00a0 \u00a0Members of the site are responsible for their relationships with each other or with third parties.<\/p>\n<p>\u00a0<\/p>\n\t\t\t\t\t\t\t\t<\/div>\n\t\t\t\t<\/div>\n\t\t\t\t\t<\/div>\n\t\t<\/div>\n\t\t\t\t\t<\/div>\n\t\t<\/section>\n\t\t\t\t<\/div>","protected":false},"excerpt":{"rendered":"<p>All information you enter to register on our site will not be shared with any third-party companies or individuals. Only you can access and manage all the information you provide during registration. [\u2026]<\/p>","protected":false},"author":1,"featured_media":0,"parent":0,"menu_order":0,"comment_status":"closed","ping_status":"closed","template":"template-fullwide.php","meta":{"footnotes":""},"class_list":["post-3","page","type-page","status-publish","hentry"],"yoast_head":"<!-- This site is optimized with the Yoast SEO plugin v26.1.1 - https:\/\/yoast.com\/wordpress\/plugins\/seo\/ -->\n<title>Gizlilik ve Kullan\u0131m \u015eartlar\u0131 - NIMSAI | Bitki<\/title>\n<meta name=\"description\" content=\"Hemoroid, Basur\/Fiss\u00fcr semptonlar\u0131nda etkili oldu\u011funu doktor raporu ile ispatlam\u0131\u015f D\u00dcNYADAK\u0130 ilk&amp;tek bitki\u00a0Nimsai!\" \/>\n<meta name=\"robots\" content=\"index, follow, max-snippet:-1, max-image-preview:large, max-video-preview:-1\" \/>\n<link rel=\"canonical\" href=\"https:\/\/nimsai.com\/en\/gizlilik-kullanim-sartlari\/\" \/>\n<meta property=\"og:locale\" content=\"en_GB\" \/>\n<meta property=\"og:type\" content=\"article\" \/>\n<meta property=\"og:title\" content=\"Gizlilik ve Kullan\u0131m \u015eartlar\u0131 - NIMSAI | Bitki\" \/>\n<meta property=\"og:description\" content=\"Hemoroid, Basur\/Fiss\u00fcr semptonlar\u0131nda etkili oldu\u011funu doktor raporu ile ispatlam\u0131\u015f D\u00dcNYADAK\u0130 ilk&amp;tek bitki\u00a0Nimsai!\" \/>\n<meta property=\"og:url\" content=\"https:\/\/nimsai.com\/en\/gizlilik-kullanim-sartlari\/\" \/>\n<meta property=\"og:site_name\" content=\"NIMSAI | Bitki\" \/>\n<meta property=\"article:publisher\" content=\"https:\/\/www.facebook.com\/nimsaibitkihemoroidbasur\" \/>\n<meta property=\"article:modified_time\" content=\"2022-12-15T14:52:31+00:00\" \/>\n<meta name=\"twitter:card\" content=\"summary_large_image\" \/>\n<meta name=\"twitter:label1\" content=\"Estimated reading time\" \/>\n\t<meta name=\"twitter:data1\" content=\"4 minutes\" \/>\n<script type=\"application\/ld+json\" class=\"yoast-schema-graph\">{\"@context\":\"https:\/\/schema.org\",\"@graph\":[{\"@type\":\"WebPage\",\"@id\":\"https:\/\/nimsai.com\/gizlilik-kullanim-sartlari\/\",\"url\":\"https:\/\/nimsai.com\/gizlilik-kullanim-sartlari\/\",\"name\":\"Gizlilik ve Kullan\u0131m \u015eartlar\u0131 - NIMSAI | Bitki\",\"isPartOf\":{\"@id\":\"https:\/\/nimsai.com\/#website\"},\"datePublished\":\"2022-11-08T12:04:12+00:00\",\"dateModified\":\"2022-12-15T14:52:31+00:00\",\"description\":\"Hemoroid, Basur\/Fiss\u00fcr semptonlar\u0131nda etkili oldu\u011funu doktor raporu ile ispatlam\u0131\u015f D\u00dcNYADAK\u0130 ilk&tek bitki\u00a0Nimsai!\",\"breadcrumb\":{\"@id\":\"https:\/\/nimsai.com\/gizlilik-kullanim-sartlari\/#breadcrumb\"},\"inLanguage\":\"en-GB\",\"potentialAction\":[{\"@type\":\"ReadAction\",\"target\":[\"https:\/\/nimsai.com\/gizlilik-kullanim-sartlari\/\"]}]},{\"@type\":\"BreadcrumbList\",\"@id\":\"https:\/\/nimsai.com\/gizlilik-kullanim-sartlari\/#breadcrumb\",\"itemListElement\":[{\"@type\":\"ListItem\",\"position\":1,\"name\":\"Anasayfa\",\"item\":\"https:\/\/nimsai.com\/\"},{\"@type\":\"ListItem\",\"position\":2,\"name\":\"Gizlilik ve Kullan\u0131m \u015eartlar\u0131\"}]},{\"@type\":\"WebSite\",\"@id\":\"https:\/\/nimsai.com\/#website\",\"url\":\"https:\/\/nimsai.com\/\",\"name\":\"NIMSAI | Mucizevi Bitki\",\"description\":\"\",\"publisher\":{\"@id\":\"https:\/\/nimsai.com\/#organization\"},\"potentialAction\":[{\"@type\":\"SearchAction\",\"target\":{\"@type\":\"EntryPoint\",\"urlTemplate\":\"https:\/\/nimsai.com\/?s={search_term_string}\"},\"query-input\":{\"@type\":\"PropertyValueSpecification\",\"valueRequired\":true,\"valueName\":\"search_term_string\"}}],\"inLanguage\":\"en-GB\"},{\"@type\":\"Organization\",\"@id\":\"https:\/\/nimsai.com\/#organization\",\"name\":\"NIMSAI | Mucizevi Bitki\",\"url\":\"https:\/\/nimsai.com\/\",\"logo\":{\"@type\":\"ImageObject\",\"inLanguage\":\"en-GB\",\"@id\":\"https:\/\/nimsai.com\/#\/schema\/logo\/image\/\",\"url\":\"https:\/\/i0.wp.com\/nimsai.com\/wp-content\/uploads\/2022\/12\/cropped-NIMSAI_Logo-1.png?fit=213%2C81&ssl=1\",\"contentUrl\":\"https:\/\/i0.wp.com\/nimsai.com\/wp-content\/uploads\/2022\/12\/cropped-NIMSAI_Logo-1.png?fit=213%2C81&ssl=1\",\"width\":213,\"height\":81,\"caption\":\"NIMSAI | Mucizevi Bitki\"},\"image\":{\"@id\":\"https:\/\/nimsai.com\/#\/schema\/logo\/image\/\"},\"sameAs\":[\"https:\/\/www.facebook.com\/nimsaibitkihemoroidbasur\",\"https:\/\/www.tiktok.com\/@nimsaibitki\",\"https:\/\/www.instagram.com\/nimsaihemoroidbasur\/\",\"https:\/\/www.youtube.com\/@Nimsaihemoroid\"]}]}<\/script>\n<!-- \/ Yoast SEO plugin. -->","yoast_head_json":{"title":"Privacy and Terms of Use - NIMSAI | Plant","description":"Nimsai, the first and only plant in the WORLD that has been proven with a doctor&#039;s report to be effective in the symptoms of hemorrhoids and piles\/fissures!","robots":{"index":"index","follow":"follow","max-snippet":"max-snippet:-1","max-image-preview":"max-image-preview:large","max-video-preview":"max-video-preview:-1"},"canonical":"https:\/\/nimsai.com\/en\/gizlilik-kullanim-sartlari\/","og_locale":"en_GB","og_type":"article","og_title":"Gizlilik ve Kullan\u0131m \u015eartlar\u0131 - NIMSAI | Bitki","og_description":"Hemoroid, Basur\/Fiss\u00fcr semptonlar\u0131nda etkili oldu\u011funu doktor raporu ile ispatlam\u0131\u015f D\u00dcNYADAK\u0130 ilk&tek bitki\u00a0Nimsai!","og_url":"https:\/\/nimsai.com\/en\/gizlilik-kullanim-sartlari\/","og_site_name":"NIMSAI | Bitki","article_publisher":"https:\/\/www.facebook.com\/nimsaibitkihemoroidbasur","article_modified_time":"2022-12-15T14:52:31+00:00","twitter_card":"summary_large_image","twitter_misc":{"Estimated reading time":"4 minutes"},"schema":{"@context":"https:\/\/schema.org","@graph":[{"@type":"WebPage","@id":"https:\/\/nimsai.com\/gizlilik-kullanim-sartlari\/","url":"https:\/\/nimsai.com\/gizlilik-kullanim-sartlari\/","name":"Privacy and Terms of Use - NIMSAI | Plant","isPartOf":{"@id":"https:\/\/nimsai.com\/#website"},"datePublished":"2022-11-08T12:04:12+00:00","dateModified":"2022-12-15T14:52:31+00:00","description":"Nimsai, the first and only plant in the WORLD that has been proven with a doctor&#039;s report to be effective in the symptoms of hemorrhoids and piles\/fissures!","breadcrumb":{"@id":"https:\/\/nimsai.com\/gizlilik-kullanim-sartlari\/#breadcrumb"},"inLanguage":"en-GB","potentialAction":[{"@type":"ReadAction","target":["https:\/\/nimsai.com\/gizlilik-kullanim-sartlari\/"]}]},{"@type":"BreadcrumbList","@id":"https:\/\/nimsai.com\/gizlilik-kullanim-sartlari\/#breadcrumb","itemListElement":[{"@type":"ListItem","position":1,"name":"Anasayfa","item":"https:\/\/nimsai.com\/"},{"@type":"ListItem","position":2,"name":"Gizlilik ve Kullan\u0131m \u015eartlar\u0131"}]},{"@type":"WebSite","@id":"https:\/\/nimsai.com\/#website","url":"https:\/\/nimsai.com\/","name":"NIMSAI | Miraculous Plant","description":"","publisher":{"@id":"https:\/\/nimsai.com\/#organization"},"potentialAction":[{"@type":"SearchAction","target":{"@type":"EntryPoint","urlTemplate":"https:\/\/nimsai.com\/?s={search_term_string}"},"query-input":{"@type":"PropertyValueSpecification","valueRequired":true,"valueName":"search_term_string"}}],"inLanguage":"en-GB"},{"@type":"Organization","@id":"https:\/\/nimsai.com\/#organization","name":"NIMSAI | Miraculous Plant","url":"https:\/\/nimsai.com\/","logo":{"@type":"ImageObject","inLanguage":"en-GB","@id":"https:\/\/nimsai.com\/#\/schema\/logo\/image\/","url":"https:\/\/i0.wp.com\/nimsai.com\/wp-content\/uploads\/2022\/12\/cropped-NIMSAI_Logo-1.png?fit=213%2C81&ssl=1","contentUrl":"https:\/\/i0.wp.com\/nimsai.com\/wp-content\/uploads\/2022\/12\/cropped-NIMSAI_Logo-1.png?fit=213%2C81&ssl=1","width":213,"height":81,"caption":"NIMSAI | Mucizevi Bitki"},"image":{"@id":"https:\/\/nimsai.com\/#\/schema\/logo\/image\/"},"sameAs":["https:\/\/www.facebook.com\/nimsaibitkihemoroidbasur","https:\/\/www.tiktok.com\/@nimsaibitki","https:\/\/www.instagram.com\/nimsaihemoroidbasur\/","https:\/\/www.youtube.com\/@Nimsaihemoroid"]}]}},"jetpack_likes_enabled":true,"jetpack_sharing_enabled":true,"jetpack-related-posts":[],"_links":{"self":[{"href":"https:\/\/nimsai.com\/en\/wp-json\/wp\/v2\/pages\/3","targetHints":{"allow":["GET"]}}],"collection":[{"href":"https:\/\/nimsai.com\/en\/wp-json\/wp\/v2\/pages"}],"about":[{"href":"https:\/\/nimsai.com\/en\/wp-json\/wp\/v2\/types\/page"}],"author":[{"embeddable":true,"href":"https:\/\/nimsai.com\/en\/wp-json\/wp\/v2\/users\/1"}],"replies":[{"embeddable":true,"href":"https:\/\/nimsai.com\/en\/wp-json\/wp\/v2\/comments?post=3"}],"version-history":[{"count":6,"href":"https:\/\/nimsai.com\/en\/wp-json\/wp\/v2\/pages\/3\/revisions"}],"predecessor-version":[{"id":541,"href":"https:\/\/nimsai.com\/en\/wp-json\/wp\/v2\/pages\/3\/revisions\/541"}],"wp:attachment":[{"href":"https:\/\/nimsai.com\/en\/wp-json\/wp\/v2\/media?parent=3"}],"curies":[{"name":"wp","href":"https:\/\/api.w.org\/{rel}","templated":true}]}}