{"id":2,"date":"2022-11-08T15:04:12","date_gmt":"2022-11-08T12:04:12","guid":{"rendered":"https:\/\/nimsai.com\/?page_id=2"},"modified":"2025-05-22T22:51:53","modified_gmt":"2025-05-22T19:51:53","slug":"iletisim","status":"publish","type":"page","link":"https:\/\/nimsai.com\/en\/iletisim\/","title":{"rendered":"Contact"},"content":{"rendered":"<div data-elementor-type=\"wp-page\" data-elementor-id=\"2\" class=\"elementor elementor-2\">\n\t\t\t\t\t\t<section class=\"elementor-section elementor-top-section elementor-element elementor-element-23ec3e16 elementor-section-boxed elementor-section-height-default elementor-section-height-default\" data-id=\"23ec3e16\" data-element_type=\"section\">\n\t\t\t\t\t\t<div class=\"elementor-container elementor-column-gap-default\">\n\t\t\t\t\t<div class=\"elementor-column elementor-col-50 elementor-top-column elementor-element elementor-element-1c49ef1f\" data-id=\"1c49ef1f\" data-element_type=\"column\">\n\t\t\t<div class=\"elementor-widget-wrap elementor-element-populated\">\n\t\t\t\t<div class=\"elementor-element elementor-element-1cf34e4 e-flex e-con-boxed e-con e-parent\" data-id=\"1cf34e4\" data-element_type=\"container\">\n\t\t\t\t\t<div class=\"e-con-inner\">\n\t\t\t\t<div class=\"elementor-element elementor-element-ee18d31 elementor-widget elementor-widget-image\" data-id=\"ee18d31\" data-element_type=\"widget\" data-widget_type=\"image.default\">\n\t\t\t\t<div class=\"elementor-widget-container\">\n\t\t\t\t\t\t\t\t\t\t\t\t\t\t\t<img decoding=\"async\" width=\"350\" height=\"133\" src=\"https:\/\/i0.wp.com\/nimsai.com\/wp-content\/uploads\/2022\/12\/NIMSAI_e-mail_logo.jpg?fit=350%2C133&amp;ssl=1\" class=\"attachment-large size-large wp-image-775\" alt=\"\" srcset=\"https:\/\/i0.wp.com\/nimsai.com\/wp-content\/uploads\/2022\/12\/NIMSAI_e-mail_logo.jpg?w=350&amp;ssl=1 350w, https:\/\/i0.wp.com\/nimsai.com\/wp-content\/uploads\/2022\/12\/NIMSAI_e-mail_logo.jpg?resize=300%2C114&amp;ssl=1 300w\" sizes=\"(max-width: 350px) 100vw, 350px\" \/>\t\t\t\t\t\t\t\t\t\t\t\t\t\t\t<\/div>\n\t\t\t\t<\/div>\n\t\t\t\t\t<\/div>\n\t\t\t\t<\/div>\n\t\t\t\t<div class=\"elementor-element elementor-element-0c80443 elementor-widget elementor-widget-text-editor\" data-id=\"0c80443\" data-element_type=\"widget\" data-widget_type=\"text-editor.default\">\n\t\t\t\t<div class=\"elementor-widget-container\">\n\t\t\t\t\t\t\t\t\t<p><strong>Our Sales Points:<\/strong><\/p><p>To our products\u00a0<\/p><ul><li><b><a style=\"color: green;\" href=\"https:\/\/nimsai.com\/en\/\" target=\"_blank\" rel=\"noopener\" data-saferedirecturl=\"https:\/\/www.google.com\/url?q=http:\/\/www.nimsai.com&amp;source=gmail&amp;ust=1746046235002000&amp;usg=AOvVaw2KW64OHwLb4eCn9drK46YZ\">www.nimsai.com<\/a>\u00a0<\/b>via our e-commerce site.<\/li><li>Selected Pharmacies Across T\u00fcrkiye.<\/li><li><a style=\"color: green;\" href=\"http:\/\/www.good4trust.org\/\" target=\"_blank\" rel=\"noopener\" data-saferedirecturl=\"https:\/\/www.google.com\/url?q=http:\/\/www.good4trust.org&amp;source=gmail&amp;ust=1746046235002000&amp;usg=AOvVaw3nXp1tDgwHRlXgtQb5bH4G\"><b>www.good4trust.org<\/b><\/a>\u00a0\u00a0via the good4trust online marketplace.<\/li><li>For regions of America, Canada, Mexico\u00a0<a href=\"http:\/\/amazon.com\/\" target=\"_blank\" rel=\"noopener\" data-saferedirecturl=\"https:\/\/www.google.com\/url?q=http:\/\/amazon.com&amp;source=gmail&amp;ust=1746046235002000&amp;usg=AOvVaw2sJ_jyg9dzA9qwKzjtCtCM\">amazon.com<\/a>\u00a0You can reach us from the platform.<\/li><\/ul><p><strong><a style=\"color: green;\" href=\"https:\/\/www.amazon.com\/dp\/B0CXMBJLYW\" target=\"_blank\" rel=\"noopener\" data-saferedirecturl=\"https:\/\/www.google.com\/url?q=https:\/\/www.amazon.com\/dp\/B0CXMBJLYW&amp;source=gmail&amp;ust=1746046235002000&amp;usg=AOvVaw2tj2jE_lMJM5c7mAvGvRuZ\">https:\/\/www.amazon.com\/dp\/<wbr \/>B0CXMBJLYW<\/a><\/strong><\/p><p><b>Important Information:<\/b>\u00a0<\/p><p><a style=\"color: green;\" href=\"https:\/\/nimsai.com\/en\/\" target=\"_blank\" rel=\"noopener\" data-saferedirecturl=\"https:\/\/www.google.com\/url?q=http:\/\/www.nimsai.com&amp;source=gmail&amp;ust=1746046235002000&amp;usg=AOvVaw2KW64OHwLb4eCn9drK46YZ\"><b>www.nimsai.com<\/b><\/a> You can place orders from anywhere in the world through our e-commerce site, and thanks to our global shipping network, shipping is available to anywhere in the world.<\/p><p>You can contact us to get more detailed information about Nimsai Plant.<\/p>\t\t\t\t\t\t\t\t<\/div>\n\t\t\t\t<\/div>\n\t\t\t\t<div class=\"elementor-element elementor-element-b8eab26 elementor-widget__width-inherit elementor-widget elementor-widget-shortcode\" data-id=\"b8eab26\" data-element_type=\"widget\" data-widget_type=\"shortcode.default\">\n\t\t\t\t<div class=\"elementor-widget-container\">\n\t\t\t\t\t\t\t<div class=\"elementor-shortcode\">\n<div class=\"wpcf7 no-js\" id=\"wpcf7-f338-o1\" lang=\"tr-TR\" dir=\"ltr\" data-wpcf7-id=\"338\">\n<div class=\"screen-reader-response\"><p role=\"status\" aria-live=\"polite\" aria-atomic=\"true\"><\/p> <ul><\/ul><\/div>\n<form action=\"\/en\/wp-json\/wp\/v2\/pages\/2#wpcf7-f338-o1\" method=\"post\" class=\"wpcf7-form init\" aria-label=\"Contact Form\" novalidate=\"novalidate\" data-status=\"init\" data-trp-original-action=\"\/en\/wp-json\/wp\/v2\/pages\/2#wpcf7-f338-o1\">\n<fieldset class=\"hidden-fields-container\"><input type=\"hidden\" name=\"_wpcf7\" value=\"338\" \/><input type=\"hidden\" name=\"_wpcf7_version\" value=\"6.1.2\" \/><input type=\"hidden\" name=\"_wpcf7_locale\" value=\"tr_TR\" \/><input type=\"hidden\" name=\"_wpcf7_unit_tag\" value=\"wpcf7-f338-o1\" \/><input type=\"hidden\" name=\"_wpcf7_container_post\" value=\"0\" \/><input type=\"hidden\" name=\"_wpcf7_posted_data_hash\" value=\"\" \/><input type=\"hidden\" name=\"_wpcf7_recaptcha_response\" value=\"\" \/>\n<\/fieldset>\n<p><label> Name surname<br \/>\n<span class=\"wpcf7-form-control-wrap\" data-name=\"your-name\"><input size=\"40\" maxlength=\"400\" class=\"wpcf7-form-control wpcf7-text wpcf7-validates-as-required\" autocomplete=\"name\" aria-required=\"true\" aria-invalid=\"false\" value=\"\" type=\"text\" name=\"your-name\" \/><\/span> <\/label>\n<\/p>\n<p><label> E-Mail Address<br \/>\n<span class=\"wpcf7-form-control-wrap\" data-name=\"your-email\"><input size=\"40\" maxlength=\"400\" class=\"wpcf7-form-control wpcf7-email wpcf7-validates-as-required wpcf7-text wpcf7-validates-as-email\" autocomplete=\"email\" aria-required=\"true\" aria-invalid=\"false\" value=\"\" type=\"email\" name=\"your-email\" \/><\/span> <\/label>\n<\/p>\n<p><label> Subject<br \/>\n<span class=\"wpcf7-form-control-wrap\" data-name=\"your-subject\"><input size=\"40\" maxlength=\"400\" class=\"wpcf7-form-control wpcf7-text wpcf7-validates-as-required\" aria-required=\"true\" aria-invalid=\"false\" value=\"\" type=\"text\" name=\"your-subject\" \/><\/span> <\/label>\n<\/p>\n<p><label> Your message<br \/>\n<span class=\"wpcf7-form-control-wrap\" data-name=\"your-message\"><textarea cols=\"40\" rows=\"10\" maxlength=\"2000\" class=\"wpcf7-form-control wpcf7-textarea\" aria-invalid=\"false\" name=\"your-message\"><\/textarea><\/span> <\/label>\n<\/p>\n<p><input class=\"wpcf7-form-control wpcf7-submit has-spinner\" type=\"submit\" value=\"SEND\" \/>\n<\/p><input type='hidden' class='wpcf7-pum' value='{\"closepopup\":false,\"closedelay\":0,\"openpopup\":false,\"openpopup_id\":0}' \/><div class=\"wpcf7-response-output\" aria-hidden=\"true\"><\/div>\n<input type=\"hidden\" name=\"trp-form-language\" value=\"en\"\/><\/form>\n<\/div>\n<\/div>\n\t\t\t\t\t\t<\/div>\n\t\t\t\t<\/div>\n\t\t\t\t\t<\/div>\n\t\t<\/div>\n\t\t\t\t<div class=\"elementor-column elementor-col-50 elementor-top-column elementor-element elementor-element-ea9be68\" data-id=\"ea9be68\" data-element_type=\"column\">\n\t\t\t<div class=\"elementor-widget-wrap elementor-element-populated\">\n\t\t\t\t\t\t<div class=\"elementor-element elementor-element-7edb3a3 elementor-widget elementor-widget-image\" data-id=\"7edb3a3\" data-element_type=\"widget\" data-widget_type=\"image.default\">\n\t\t\t\t<div class=\"elementor-widget-container\">\n\t\t\t\t\t\t\t\t\t\t\t\t\t\t\t<img fetchpriority=\"high\" decoding=\"async\" width=\"636\" height=\"810\" src=\"https:\/\/i0.wp.com\/nimsai.com\/wp-content\/uploads\/2025\/05\/nimsai-3lu.jpg?fit=636%2C810&amp;ssl=1\" class=\"attachment-medium_large size-medium_large wp-image-4302\" alt=\"\" srcset=\"https:\/\/i0.wp.com\/nimsai.com\/wp-content\/uploads\/2025\/05\/nimsai-3lu.jpg?w=636&amp;ssl=1 636w, https:\/\/i0.wp.com\/nimsai.com\/wp-content\/uploads\/2025\/05\/nimsai-3lu.jpg?resize=236%2C300&amp;ssl=1 236w, https:\/\/i0.wp.com\/nimsai.com\/wp-content\/uploads\/2025\/05\/nimsai-3lu.jpg?resize=9%2C12&amp;ssl=1 9w, https:\/\/i0.wp.com\/nimsai.com\/wp-content\/uploads\/2025\/05\/nimsai-3lu.jpg?resize=600%2C764&amp;ssl=1 600w\" sizes=\"(max-width: 636px) 100vw, 636px\" \/>\t\t\t\t\t\t\t\t\t\t\t\t\t\t\t<\/div>\n\t\t\t\t<\/div>\n\t\t\t\t\t<\/div>\n\t\t<\/div>\n\t\t\t\t\t<\/div>\n\t\t<\/section>\n\t\t<div class=\"elementor-element elementor-element-94e2ba2 e-flex e-con-boxed e-con e-parent\" data-id=\"94e2ba2\" data-element_type=\"container\">\n\t\t\t\t\t<div class=\"e-con-inner\">\n\t\t\t\t<div class=\"elementor-element elementor-element-28e7c5e elementor-widget elementor-widget-spacer\" data-id=\"28e7c5e\" data-element_type=\"widget\" data-widget_type=\"spacer.default\">\n\t\t\t\t<div class=\"elementor-widget-container\">\n\t\t\t\t\t\t\t<div class=\"elementor-spacer\">\n\t\t\t<div class=\"elementor-spacer-inner\"><\/div>\n\t\t<\/div>\n\t\t\t\t\t\t<\/div>\n\t\t\t\t<\/div>\n\t\t\t\t\t<\/div>\n\t\t\t\t<\/div>\n\t\t<div class=\"elementor-element elementor-element-7ff9194 e-flex e-con-boxed e-con e-parent\" data-id=\"7ff9194\" data-element_type=\"container\">\n\t\t\t\t\t<div class=\"e-con-inner\">\n\t\t\t\t<div class=\"elementor-element elementor-element-27254e6 elementor-widget elementor-widget-text-editor\" data-id=\"27254e6\" data-element_type=\"widget\" data-widget_type=\"text-editor.default\">\n\t\t\t\t<div class=\"elementor-widget-container\">\n\t\t\t\t\t\t\t\t\t<p><strong>Your Company&#039;s Special and Important Information: (Phone Sharing)<br \/><\/strong><\/p><p><strong>Communication and Information<\/strong><\/p><p>All your questions about Nimsai Plant 24\/7 <strong><a href=\"mailto:info@nimsai.com\">info@nimsai.com<\/a> <\/strong>You can send it to our e-mail address.<\/p><p>We wish you healthy days.<\/p><p><strong>Information on Telephone Communication and Information Sharing:<\/strong><\/p><p>In order to protect individual rights and company reputation, and to prevent a negative situation that occurred three years ago from happening again, information is not shared directly by phone within our company. Conducting processes in writing is important for both individual and company security. We thank you for your understanding on this matter.<\/p><p>The reason why our Telephone Information Sharing has ended is Campaign 1. We recommend that you review Campaign 1, because you can win Nimsai Plants for Free and Without Shipping Fees!<\/p><p><strong><a style=\"color: green;\" href=\"https:\/\/nimsai.com\/en\/kampanyalar\/\">Campaign 1 Link<\/a><\/strong><\/p><p><strong>We wish you healthy days.<\/strong><\/p><p><strong>Nimsai Herb<\/strong><\/p>\t\t\t\t\t\t\t\t<\/div>\n\t\t\t\t<\/div>\n\t\t\t\t\t<\/div>\n\t\t\t\t<\/div>\n\t\t\t\t<\/div>","protected":false},"excerpt":{"rendered":"<p>Our Sales Points: You can find our products through our e-commerce website at www.nimsai.com. Selected pharmacies throughout Turkey. The good4trust online marketplace at www.good4trust.org. For the US, Canada, and Mexico, you can find them on amazon.com. https:\/\/www.amazon.com\/dp\/B0CXMBJLYW Important Information [\u2026]<\/p>","protected":false},"author":1,"featured_media":0,"parent":0,"menu_order":0,"comment_status":"closed","ping_status":"closed","template":"template-fullwide.php","meta":{"footnotes":""},"class_list":["post-2","page","type-page","status-publish","hentry"],"yoast_head":"<!-- This site is optimized with the Yoast SEO plugin v26.1.1 - https:\/\/yoast.com\/wordpress\/plugins\/seo\/ -->\n<title>\u0130leti\u015fim - NIMSAI | Bitki<\/title>\n<meta name=\"description\" content=\"Hemoroid, Basur\/Fiss\u00fcr semptonlar\u0131nda etkili oldu\u011funu doktor raporu ile ispatlam\u0131\u015f D\u00dcNYADAK\u0130 ilk&amp;tek bitki\u00a0Nimsai!\" \/>\n<meta name=\"robots\" content=\"index, follow, max-snippet:-1, max-image-preview:large, max-video-preview:-1\" \/>\n<link rel=\"canonical\" href=\"https:\/\/nimsai.com\/en\/iletisim\/\" \/>\n<meta property=\"og:locale\" content=\"en_GB\" \/>\n<meta property=\"og:type\" content=\"article\" \/>\n<meta property=\"og:title\" content=\"\u0130leti\u015fim - NIMSAI | Bitki\" \/>\n<meta property=\"og:description\" content=\"Hemoroid, Basur\/Fiss\u00fcr semptonlar\u0131nda etkili oldu\u011funu doktor raporu ile ispatlam\u0131\u015f D\u00dcNYADAK\u0130 ilk&amp;tek bitki\u00a0Nimsai!\" \/>\n<meta property=\"og:url\" content=\"https:\/\/nimsai.com\/en\/iletisim\/\" \/>\n<meta property=\"og:site_name\" content=\"NIMSAI | Bitki\" \/>\n<meta property=\"article:publisher\" content=\"https:\/\/www.facebook.com\/nimsaibitkihemoroidbasur\" \/>\n<meta property=\"article:modified_time\" content=\"2025-05-22T19:51:53+00:00\" \/>\n<meta property=\"og:image\" content=\"https:\/\/nimsai.com\/wp-content\/uploads\/2022\/12\/NIMSAI_e-mail_logo.jpg\" \/>\n<meta name=\"twitter:card\" content=\"summary_large_image\" \/>\n<meta name=\"twitter:label1\" content=\"Estimated reading time\" \/>\n\t<meta name=\"twitter:data1\" content=\"2 minutes\" \/>\n<script type=\"application\/ld+json\" class=\"yoast-schema-graph\">{\"@context\":\"https:\/\/schema.org\",\"@graph\":[{\"@type\":\"WebPage\",\"@id\":\"https:\/\/nimsai.com\/iletisim\/\",\"url\":\"https:\/\/nimsai.com\/iletisim\/\",\"name\":\"\u0130leti\u015fim - NIMSAI | Bitki\",\"isPartOf\":{\"@id\":\"https:\/\/nimsai.com\/#website\"},\"primaryImageOfPage\":{\"@id\":\"https:\/\/nimsai.com\/iletisim\/#primaryimage\"},\"image\":{\"@id\":\"https:\/\/nimsai.com\/iletisim\/#primaryimage\"},\"thumbnailUrl\":\"https:\/\/nimsai.com\/wp-content\/uploads\/2022\/12\/NIMSAI_e-mail_logo.jpg\",\"datePublished\":\"2022-11-08T12:04:12+00:00\",\"dateModified\":\"2025-05-22T19:51:53+00:00\",\"description\":\"Hemoroid, Basur\/Fiss\u00fcr semptonlar\u0131nda etkili oldu\u011funu doktor raporu ile ispatlam\u0131\u015f D\u00dcNYADAK\u0130 ilk&tek bitki\u00a0Nimsai!\",\"breadcrumb\":{\"@id\":\"https:\/\/nimsai.com\/iletisim\/#breadcrumb\"},\"inLanguage\":\"en-GB\",\"potentialAction\":[{\"@type\":\"ReadAction\",\"target\":[\"https:\/\/nimsai.com\/iletisim\/\"]}]},{\"@type\":\"ImageObject\",\"inLanguage\":\"en-GB\",\"@id\":\"https:\/\/nimsai.com\/iletisim\/#primaryimage\",\"url\":\"https:\/\/nimsai.com\/wp-content\/uploads\/2022\/12\/NIMSAI_e-mail_logo.jpg\",\"contentUrl\":\"https:\/\/nimsai.com\/wp-content\/uploads\/2022\/12\/NIMSAI_e-mail_logo.jpg\"},{\"@type\":\"BreadcrumbList\",\"@id\":\"https:\/\/nimsai.com\/iletisim\/#breadcrumb\",\"itemListElement\":[{\"@type\":\"ListItem\",\"position\":1,\"name\":\"Anasayfa\",\"item\":\"https:\/\/nimsai.com\/\"},{\"@type\":\"ListItem\",\"position\":2,\"name\":\"\u0130leti\u015fim\"}]},{\"@type\":\"WebSite\",\"@id\":\"https:\/\/nimsai.com\/#website\",\"url\":\"https:\/\/nimsai.com\/\",\"name\":\"NIMSAI | Mucizevi Bitki\",\"description\":\"\",\"publisher\":{\"@id\":\"https:\/\/nimsai.com\/#organization\"},\"potentialAction\":[{\"@type\":\"SearchAction\",\"target\":{\"@type\":\"EntryPoint\",\"urlTemplate\":\"https:\/\/nimsai.com\/?s={search_term_string}\"},\"query-input\":{\"@type\":\"PropertyValueSpecification\",\"valueRequired\":true,\"valueName\":\"search_term_string\"}}],\"inLanguage\":\"en-GB\"},{\"@type\":\"Organization\",\"@id\":\"https:\/\/nimsai.com\/#organization\",\"name\":\"NIMSAI | Mucizevi Bitki\",\"url\":\"https:\/\/nimsai.com\/\",\"logo\":{\"@type\":\"ImageObject\",\"inLanguage\":\"en-GB\",\"@id\":\"https:\/\/nimsai.com\/#\/schema\/logo\/image\/\",\"url\":\"https:\/\/i0.wp.com\/nimsai.com\/wp-content\/uploads\/2022\/12\/cropped-NIMSAI_Logo-1.png?fit=213%2C81&ssl=1\",\"contentUrl\":\"https:\/\/i0.wp.com\/nimsai.com\/wp-content\/uploads\/2022\/12\/cropped-NIMSAI_Logo-1.png?fit=213%2C81&ssl=1\",\"width\":213,\"height\":81,\"caption\":\"NIMSAI | Mucizevi Bitki\"},\"image\":{\"@id\":\"https:\/\/nimsai.com\/#\/schema\/logo\/image\/\"},\"sameAs\":[\"https:\/\/www.facebook.com\/nimsaibitkihemoroidbasur\",\"https:\/\/www.tiktok.com\/@nimsaibitki\",\"https:\/\/www.instagram.com\/nimsaihemoroidbasur\/\",\"https:\/\/www.youtube.com\/@Nimsaihemoroid\"]}]}<\/script>\n<!-- \/ Yoast SEO plugin. -->","yoast_head_json":{"title":"Contact - NIMSAI | Plant","description":"Nimsai, the first and only plant in the WORLD that has been proven with a doctor&#039;s report to be effective in the symptoms of hemorrhoids and piles\/fissures!","robots":{"index":"index","follow":"follow","max-snippet":"max-snippet:-1","max-image-preview":"max-image-preview:large","max-video-preview":"max-video-preview:-1"},"canonical":"https:\/\/nimsai.com\/en\/iletisim\/","og_locale":"en_GB","og_type":"article","og_title":"\u0130leti\u015fim - NIMSAI | Bitki","og_description":"Hemoroid, Basur\/Fiss\u00fcr semptonlar\u0131nda etkili oldu\u011funu doktor raporu ile ispatlam\u0131\u015f D\u00dcNYADAK\u0130 ilk&tek bitki\u00a0Nimsai!","og_url":"https:\/\/nimsai.com\/en\/iletisim\/","og_site_name":"NIMSAI | Bitki","article_publisher":"https:\/\/www.facebook.com\/nimsaibitkihemoroidbasur","article_modified_time":"2025-05-22T19:51:53+00:00","og_image":[{"url":"https:\/\/nimsai.com\/wp-content\/uploads\/2022\/12\/NIMSAI_e-mail_logo.jpg","type":"","width":"","height":""}],"twitter_card":"summary_large_image","twitter_misc":{"Estimated reading time":"2 minutes"},"schema":{"@context":"https:\/\/schema.org","@graph":[{"@type":"WebPage","@id":"https:\/\/nimsai.com\/iletisim\/","url":"https:\/\/nimsai.com\/iletisim\/","name":"Contact - NIMSAI | Plant","isPartOf":{"@id":"https:\/\/nimsai.com\/#website"},"primaryImageOfPage":{"@id":"https:\/\/nimsai.com\/iletisim\/#primaryimage"},"image":{"@id":"https:\/\/nimsai.com\/iletisim\/#primaryimage"},"thumbnailUrl":"https:\/\/nimsai.com\/wp-content\/uploads\/2022\/12\/NIMSAI_e-mail_logo.jpg","datePublished":"2022-11-08T12:04:12+00:00","dateModified":"2025-05-22T19:51:53+00:00","description":"Nimsai, the first and only plant in the WORLD that has been proven with a doctor&#039;s report to be effective in the symptoms of hemorrhoids and piles\/fissures!","breadcrumb":{"@id":"https:\/\/nimsai.com\/iletisim\/#breadcrumb"},"inLanguage":"en-GB","potentialAction":[{"@type":"ReadAction","target":["https:\/\/nimsai.com\/iletisim\/"]}]},{"@type":"ImageObject","inLanguage":"en-GB","@id":"https:\/\/nimsai.com\/iletisim\/#primaryimage","url":"https:\/\/nimsai.com\/wp-content\/uploads\/2022\/12\/NIMSAI_e-mail_logo.jpg","contentUrl":"https:\/\/nimsai.com\/wp-content\/uploads\/2022\/12\/NIMSAI_e-mail_logo.jpg"},{"@type":"BreadcrumbList","@id":"https:\/\/nimsai.com\/iletisim\/#breadcrumb","itemListElement":[{"@type":"ListItem","position":1,"name":"Anasayfa","item":"https:\/\/nimsai.com\/"},{"@type":"ListItem","position":2,"name":"\u0130leti\u015fim"}]},{"@type":"WebSite","@id":"https:\/\/nimsai.com\/#website","url":"https:\/\/nimsai.com\/","name":"NIMSAI | Miraculous Plant","description":"","publisher":{"@id":"https:\/\/nimsai.com\/#organization"},"potentialAction":[{"@type":"SearchAction","target":{"@type":"EntryPoint","urlTemplate":"https:\/\/nimsai.com\/?s={search_term_string}"},"query-input":{"@type":"PropertyValueSpecification","valueRequired":true,"valueName":"search_term_string"}}],"inLanguage":"en-GB"},{"@type":"Organization","@id":"https:\/\/nimsai.com\/#organization","name":"NIMSAI | Miraculous Plant","url":"https:\/\/nimsai.com\/","logo":{"@type":"ImageObject","inLanguage":"en-GB","@id":"https:\/\/nimsai.com\/#\/schema\/logo\/image\/","url":"https:\/\/i0.wp.com\/nimsai.com\/wp-content\/uploads\/2022\/12\/cropped-NIMSAI_Logo-1.png?fit=213%2C81&ssl=1","contentUrl":"https:\/\/i0.wp.com\/nimsai.com\/wp-content\/uploads\/2022\/12\/cropped-NIMSAI_Logo-1.png?fit=213%2C81&ssl=1","width":213,"height":81,"caption":"NIMSAI | Mucizevi Bitki"},"image":{"@id":"https:\/\/nimsai.com\/#\/schema\/logo\/image\/"},"sameAs":["https:\/\/www.facebook.com\/nimsaibitkihemoroidbasur","https:\/\/www.tiktok.com\/@nimsaibitki","https:\/\/www.instagram.com\/nimsaihemoroidbasur\/","https:\/\/www.youtube.com\/@Nimsaihemoroid"]}]}},"jetpack_likes_enabled":true,"jetpack_sharing_enabled":true,"jetpack-related-posts":[],"_links":{"self":[{"href":"https:\/\/nimsai.com\/en\/wp-json\/wp\/v2\/pages\/2","targetHints":{"allow":["GET"]}}],"collection":[{"href":"https:\/\/nimsai.com\/en\/wp-json\/wp\/v2\/pages"}],"about":[{"href":"https:\/\/nimsai.com\/en\/wp-json\/wp\/v2\/types\/page"}],"author":[{"embeddable":true,"href":"https:\/\/nimsai.com\/en\/wp-json\/wp\/v2\/users\/1"}],"replies":[{"embeddable":true,"href":"https:\/\/nimsai.com\/en\/wp-json\/wp\/v2\/comments?post=2"}],"version-history":[{"count":126,"href":"https:\/\/nimsai.com\/en\/wp-json\/wp\/v2\/pages\/2\/revisions"}],"predecessor-version":[{"id":4325,"href":"https:\/\/nimsai.com\/en\/wp-json\/wp\/v2\/pages\/2\/revisions\/4325"}],"wp:attachment":[{"href":"https:\/\/nimsai.com\/en\/wp-json\/wp\/v2\/media?parent=2"}],"curies":[{"name":"wp","href":"https:\/\/api.w.org\/{rel}","templated":true}]}}